{"id":126,"date":"2026-01-27T06:34:40","date_gmt":"2026-01-27T06:34:40","guid":{"rendered":"http:\/\/localhost\/rocetest5\/?page_id=126"},"modified":"2026-03-14T09:29:04","modified_gmt":"2026-03-14T09:29:04","slug":"kruzne-pile-macc","status":"publish","type":"page","link":"https:\/\/roce.hr\/en\/zastupnistvo\/kruzne-pile-macc\/","title":{"rendered":"Cutting off machines MACC"},"content":{"rendered":"<div class=\"wp-block-uagb-container uagb-block-355df85a alignfull uagb-is-root-container\"><div class=\"uagb-container-inner-blocks-wrap\">\n<div class=\"wp-block-uagb-advanced-heading uagb-block-6d3c8d51\"><h1 class=\"uagb-heading-text\">Cutting off machines MACC<\/h1><\/div>\n<\/div><\/div>\n\n\n\n<div class=\"wp-block-uagb-container uagb-block-98f3d4bf alignfull uagb-is-root-container\"><div class=\"uagb-container-inner-blocks-wrap\">\n<div class=\"wp-block-uagb-separator uagb-block-f507f00c\"><div class=\"wp-block-uagb-separator__inner\" style=\"--my-background-image:\"><\/div><\/div>\n<\/div><\/div>\n\n\n\n<div class=\"wp-block-uagb-container uagb-layout-grid uagb-block-4ddc876c alignfull uagb-is-root-container\"><div class=\"uagb-container-inner-blocks-wrap\">\n<div class=\"wp-block-uagb-container uagb-layout-flex uagb-block-466f10b3\">\n<div class=\"wp-block-uagb-image aligncenter uagb-block-e0685c4a wp-block-uagb-image--layout-default wp-block-uagb-image--effect-static wp-block-uagb-image--align-center\"><figure class=\"wp-block-uagb-image__figure\"><a class=\"\" href=\"https:\/\/roce.hr\/en\/zastupnistvo\/kruzne-pile-macc\/rezanje-celika-reznom-plocom\/\" target=\"\" rel=\"noopener\"><img decoding=\"async\" srcset=\"https:\/\/roce.hr\/wp-content\/uploads\/2026\/02\/NEW-315-Macc-184x300.webp ,https:\/\/roce.hr\/wp-content\/uploads\/2026\/02\/NEW-315-Macc.webp 780w, https:\/\/roce.hr\/wp-content\/uploads\/2026\/02\/NEW-315-Macc.webp 360w\" sizes=\"auto, (max-width: 480px) 150px\" src=\"https:\/\/roce.hr\/wp-content\/uploads\/2026\/02\/NEW-315-Macc-184x300.webp\" alt=\"\" class=\"uag-image-986\" width=\"184\" height=\"300\" title=\"\" loading=\"lazy\" role=\"presentation\"\/><\/a><\/figure><\/div>\n\n\n\n<div class=\"wp-block-uagb-container uagb-block-15a9f622\">\n<div class=\"wp-block-uagb-advanced-heading uagb-block-ca5705ee\"><h3 class=\"uagb-heading-text\"><a href=\"https:\/\/roce.hr\/en\/zastupnistvo\/kruzne-pile-macc\/rezanje-celika-reznom-plocom\/\" data-type=\"page\" data-id=\"160\">Cutting steel with a slab<\/a><\/h3><\/div>\n<\/div>\n<\/div>\n\n\n\n<div class=\"wp-block-uagb-container uagb-layout-grid uagb-block-75eb9019\">\n<div class=\"wp-block-uagb-image aligncenter uagb-block-e788b171 wp-block-uagb-image--layout-default wp-block-uagb-image--effect-static wp-block-uagb-image--align-center\"><figure class=\"wp-block-uagb-image__figure\"><a class=\"\" href=\"https:\/\/roce.hr\/en\/zastupnistvo\/kruzne-pile-macc\/rezanje-obojenih-metala-reznom-plocom\/\" target=\"\" rel=\"noopener\"><img decoding=\"async\" srcset=\"https:\/\/roce.hr\/wp-content\/uploads\/2026\/02\/TA-400-Macc-188x300.webp ,https:\/\/roce.hr\/wp-content\/uploads\/2026\/02\/TA-400-Macc.webp 780w, https:\/\/roce.hr\/wp-content\/uploads\/2026\/02\/TA-400-Macc.webp 360w\" sizes=\"auto, (max-width: 480px) 150px\" src=\"https:\/\/roce.hr\/wp-content\/uploads\/2026\/02\/TA-400-Macc-188x300.webp\" alt=\"\" class=\"uag-image-987\" width=\"188\" height=\"300\" title=\"\" loading=\"lazy\" role=\"presentation\"\/><\/a><\/figure><\/div>\n\n\n\n<div class=\"wp-block-uagb-container uagb-block-f638fe9d\">\n<div class=\"wp-block-uagb-advanced-heading uagb-block-830a0da3\"><h3 class=\"uagb-heading-text\"><a href=\"https:\/\/roce.hr\/en\/zastupnistvo\/kruzne-pile-macc\/rezanje-obojenih-metala-reznom-plocom\/\" data-type=\"page\" data-id=\"162\">Cutting non-ferrous metals with a slab<\/a><\/h3><\/div>\n<\/div>\n<\/div>\n<\/div><\/div>\n\n\n\n<div class=\"wp-block-uagb-container uagb-layout-grid uagb-block-a889d5da alignfull uagb-is-root-container\"><div class=\"uagb-container-inner-blocks-wrap\">\n<div class=\"wp-block-uagb-container uagb-layout-flex uagb-block-16ab03bf\">\n<div class=\"wp-block-uagb-image aligncenter uagb-block-5f8dcaa9 wp-block-uagb-image--layout-default wp-block-uagb-image--effect-static wp-block-uagb-image--align-center\"><figure class=\"wp-block-uagb-image__figure\"><a class=\"\" href=\"https:\/\/roce.hr\/en\/zastupnistvo\/kruzne-pile-macc\/rezanje-celika-abrazivnom-plocom\/\" target=\"\" rel=\"noopener\"><img decoding=\"async\" srcset=\"https:\/\/roce.hr\/wp-content\/uploads\/2026\/02\/TV-300-TV-350-Macc-171x300.webp ,https:\/\/roce.hr\/wp-content\/uploads\/2026\/02\/TV-300-TV-350-Macc.webp 780w, https:\/\/roce.hr\/wp-content\/uploads\/2026\/02\/TV-300-TV-350-Macc.webp 360w\" sizes=\"auto, (max-width: 480px) 150px\" src=\"https:\/\/roce.hr\/wp-content\/uploads\/2026\/02\/TV-300-TV-350-Macc-171x300.webp\" alt=\"\" class=\"uag-image-988\" width=\"171\" height=\"300\" title=\"\" loading=\"lazy\" role=\"presentation\"\/><\/a><\/figure><\/div>\n\n\n\n<div class=\"wp-block-uagb-container uagb-block-14a10de5\">\n<div class=\"wp-block-uagb-advanced-heading uagb-block-b0ca822e\"><h3 class=\"uagb-heading-text\"><a href=\"https:\/\/roce.hr\/en\/zastupnistvo\/kruzne-pile-macc\/rezanje-celika-abrazivnom-plocom\/\" data-type=\"page\" data-id=\"158\">Cutting steel with an abrasive plate<\/a><\/h3><\/div>\n<\/div>\n<\/div>\n<\/div><\/div>\n\n\n\n<div class=\"wp-block-uagb-container uagb-block-2824dc1f alignfull uagb-is-root-container\"><div class=\"uagb-container-inner-blocks-wrap\">\n<div class=\"wp-block-uagb-separator uagb-block-15a97577\"><div class=\"wp-block-uagb-separator__inner\" style=\"--my-background-image:\"><\/div><\/div>\n<\/div><\/div>\n\n\n\n<div class=\"wp-block-uagb-buttons uagb-buttons__outer-wrap uagb-btn__default-btn uagb-btn-tablet__default-btn uagb-btn-mobile__default-btn uagb-block-2d3a7eb5\"><div class=\"uagb-buttons__wrap uagb-buttons-layout-wrap\">\n<div class=\"wp-block-uagb-buttons-child uagb-buttons__outer-wrap uagb-block-2f6a6d3e wp-block-button\"><div class=\"uagb-button__wrapper\"><a class=\"uagb-buttons-repeater wp-block-button__link\" aria-label=\"\" href=\"https:\/\/roce.hr\/en\/zastupnistvo\/dodatna-oprema\/listovi-kruznih-pila\/\" rel=\"follow noopener\" target=\"_self\" role=\"button\"><div class=\"uagb-button__link\">LISTOVI KRU\u017dNIH PILA<\/div><span class=\"uagb-button__icon uagb-button__icon-position-after\"><svg xmlns=\"https:\/\/www.w3.org\/2000\/svg\" viewbox=\"0 0 448 512\" aria-hidden=\"true\" focussable=\"false\"><path d=\"M438.6 278.6l-160 160C272.4 444.9 264.2 448 256 448s-16.38-3.125-22.62-9.375c-12.5-12.5-12.5-32.75 0-45.25L338.8 288H32C14.33 288 .0016 273.7 .0016 256S14.33 224 32 224h306.8l-105.4-105.4c-12.5-12.5-12.5-32.75 0-45.25s32.75-12.5 45.25 0l160 160C451.1 245.9 451.1 266.1 438.6 278.6z\"><\/path><\/svg><\/span><\/a><\/div><\/div>\n<\/div><\/div>\n\n\n\n<div class=\"wp-block-uagb-container uagb-block-716ade2b alignfull uagb-is-root-container\"><div class=\"uagb-container-inner-blocks-wrap\"><\/div><\/div>","protected":false},"excerpt":{"rendered":"<p>Kru\u017ene pile MACC Rezanje \u010delika reznom plo\u010dom Rezanje obojenih metala reznom plo\u010dom Rezanje \u010delika abrazivnom plo\u010dom<\/p>","protected":false},"author":1,"featured_media":0,"parent":16,"menu_order":0,"comment_status":"closed","ping_status":"closed","template":"roce","meta":{"_uag_custom_page_level_css":"","footnotes":""},"class_list":["post-126","page","type-page","status-publish","hentry"],"yoast_head":"<!-- This site is optimized with the Yoast SEO plugin v27.3 - https:\/\/yoast.com\/product\/yoast-seo-wordpress\/ -->\n<title>Kru\u017ene pile MACC - roce<\/title>\n<meta name=\"robots\" content=\"index, follow, max-snippet:-1, max-image-preview:large, max-video-preview:-1\" \/>\n<link rel=\"canonical\" href=\"https:\/\/roce.hr\/en\/zastupnistvo\/kruzne-pile-macc\/\" \/>\n<meta property=\"og:locale\" content=\"en_GB\" \/>\n<meta property=\"og:type\" content=\"article\" \/>\n<meta property=\"og:title\" content=\"Kru\u017ene pile MACC - roce\" \/>\n<meta property=\"og:description\" content=\"Kru\u017ene pile MACC Rezanje \u010delika reznom plo\u010dom Rezanje obojenih metala reznom plo\u010dom Rezanje \u010delika abrazivnom plo\u010dom\" \/>\n<meta property=\"og:url\" content=\"https:\/\/roce.hr\/en\/zastupnistvo\/kruzne-pile-macc\/\" \/>\n<meta property=\"og:site_name\" content=\"roce\" \/>\n<meta property=\"article:publisher\" content=\"https:\/\/www.facebook.com\/rocedoopula\/\" \/>\n<meta property=\"article:modified_time\" content=\"2026-03-14T09:29:04+00:00\" \/>\n<meta property=\"og:image\" content=\"https:\/\/roce.hr\/wp-content\/uploads\/2026\/02\/NEW-315-Macc-184x300.webp\" \/>\n<meta name=\"twitter:card\" content=\"summary_large_image\" \/>\n<script type=\"application\/ld+json\" class=\"yoast-schema-graph\">{\"@context\":\"https:\\\/\\\/schema.org\",\"@graph\":[{\"@type\":\"WebPage\",\"@id\":\"https:\\\/\\\/roce.hr\\\/zastupnistvo\\\/kruzne-pile-macc\\\/\",\"url\":\"https:\\\/\\\/roce.hr\\\/zastupnistvo\\\/kruzne-pile-macc\\\/\",\"name\":\"Kru\u017ene pile MACC - roce\",\"isPartOf\":{\"@id\":\"https:\\\/\\\/roce.hr\\\/#website\"},\"primaryImageOfPage\":{\"@id\":\"https:\\\/\\\/roce.hr\\\/zastupnistvo\\\/kruzne-pile-macc\\\/#primaryimage\"},\"image\":{\"@id\":\"https:\\\/\\\/roce.hr\\\/zastupnistvo\\\/kruzne-pile-macc\\\/#primaryimage\"},\"thumbnailUrl\":\"https:\\\/\\\/roce.hr\\\/wp-content\\\/uploads\\\/2026\\\/02\\\/NEW-315-Macc-184x300.webp\",\"datePublished\":\"2026-01-27T06:34:40+00:00\",\"dateModified\":\"2026-03-14T09:29:04+00:00\",\"breadcrumb\":{\"@id\":\"https:\\\/\\\/roce.hr\\\/zastupnistvo\\\/kruzne-pile-macc\\\/#breadcrumb\"},\"inLanguage\":\"en-GB\",\"potentialAction\":[{\"@type\":\"ReadAction\",\"target\":[\"https:\\\/\\\/roce.hr\\\/zastupnistvo\\\/kruzne-pile-macc\\\/\"]}]},{\"@type\":\"ImageObject\",\"inLanguage\":\"en-GB\",\"@id\":\"https:\\\/\\\/roce.hr\\\/zastupnistvo\\\/kruzne-pile-macc\\\/#primaryimage\",\"url\":\"https:\\\/\\\/roce.hr\\\/wp-content\\\/uploads\\\/2026\\\/02\\\/NEW-315-Macc-184x300.webp\",\"contentUrl\":\"https:\\\/\\\/roce.hr\\\/wp-content\\\/uploads\\\/2026\\\/02\\\/NEW-315-Macc-184x300.webp\"},{\"@type\":\"BreadcrumbList\",\"@id\":\"https:\\\/\\\/roce.hr\\\/zastupnistvo\\\/kruzne-pile-macc\\\/#breadcrumb\",\"itemListElement\":[{\"@type\":\"ListItem\",\"position\":1,\"name\":\"Home\",\"item\":\"https:\\\/\\\/roce.hr\\\/\"},{\"@type\":\"ListItem\",\"position\":2,\"name\":\"Zastupni\u0161tvo\",\"item\":\"https:\\\/\\\/roce.hr\\\/zastupnistvo\\\/\"},{\"@type\":\"ListItem\",\"position\":3,\"name\":\"Kru\u017ene pile MACC\"}]},{\"@type\":\"WebSite\",\"@id\":\"https:\\\/\\\/roce.hr\\\/#website\",\"url\":\"https:\\\/\\\/roce.hr\\\/\",\"name\":\"roce\",\"description\":\"\",\"publisher\":{\"@id\":\"https:\\\/\\\/roce.hr\\\/#organization\"},\"potentialAction\":[{\"@type\":\"SearchAction\",\"target\":{\"@type\":\"EntryPoint\",\"urlTemplate\":\"https:\\\/\\\/roce.hr\\\/?s={search_term_string}\"},\"query-input\":{\"@type\":\"PropertyValueSpecification\",\"valueRequired\":true,\"valueName\":\"search_term_string\"}}],\"inLanguage\":\"en-GB\"},{\"@type\":\"Organization\",\"@id\":\"https:\\\/\\\/roce.hr\\\/#organization\",\"name\":\"ROCE d.o.o.\",\"url\":\"https:\\\/\\\/roce.hr\\\/\",\"logo\":{\"@type\":\"ImageObject\",\"inLanguage\":\"en-GB\",\"@id\":\"https:\\\/\\\/roce.hr\\\/#\\\/schema\\\/logo\\\/image\\\/\",\"url\":\"https:\\\/\\\/roce.hr\\\/wp-content\\\/uploads\\\/2026\\\/02\\\/7-DRVO.webp\",\"contentUrl\":\"https:\\\/\\\/roce.hr\\\/wp-content\\\/uploads\\\/2026\\\/02\\\/7-DRVO.webp\",\"width\":1000,\"height\":161,\"caption\":\"ROCE d.o.o.\"},\"image\":{\"@id\":\"https:\\\/\\\/roce.hr\\\/#\\\/schema\\\/logo\\\/image\\\/\"},\"sameAs\":[\"https:\\\/\\\/www.facebook.com\\\/rocedoopula\\\/\"]}]}<\/script>\n<!-- \/ Yoast SEO plugin. -->","yoast_head_json":{"title":"Kru\u017ene pile MACC - roce","robots":{"index":"index","follow":"follow","max-snippet":"max-snippet:-1","max-image-preview":"max-image-preview:large","max-video-preview":"max-video-preview:-1"},"canonical":"https:\/\/roce.hr\/en\/zastupnistvo\/kruzne-pile-macc\/","og_locale":"en_GB","og_type":"article","og_title":"Kru\u017ene pile MACC - roce","og_description":"Kru\u017ene pile MACC Rezanje \u010delika reznom plo\u010dom Rezanje obojenih metala reznom plo\u010dom Rezanje \u010delika abrazivnom plo\u010dom","og_url":"https:\/\/roce.hr\/en\/zastupnistvo\/kruzne-pile-macc\/","og_site_name":"roce","article_publisher":"https:\/\/www.facebook.com\/rocedoopula\/","article_modified_time":"2026-03-14T09:29:04+00:00","og_image":[{"url":"https:\/\/roce.hr\/wp-content\/uploads\/2026\/02\/NEW-315-Macc-184x300.webp","type":"","width":"","height":""}],"twitter_card":"summary_large_image","schema":{"@context":"https:\/\/schema.org","@graph":[{"@type":"WebPage","@id":"https:\/\/roce.hr\/zastupnistvo\/kruzne-pile-macc\/","url":"https:\/\/roce.hr\/zastupnistvo\/kruzne-pile-macc\/","name":"Kru\u017ene pile MACC - roce","isPartOf":{"@id":"https:\/\/roce.hr\/#website"},"primaryImageOfPage":{"@id":"https:\/\/roce.hr\/zastupnistvo\/kruzne-pile-macc\/#primaryimage"},"image":{"@id":"https:\/\/roce.hr\/zastupnistvo\/kruzne-pile-macc\/#primaryimage"},"thumbnailUrl":"https:\/\/roce.hr\/wp-content\/uploads\/2026\/02\/NEW-315-Macc-184x300.webp","datePublished":"2026-01-27T06:34:40+00:00","dateModified":"2026-03-14T09:29:04+00:00","breadcrumb":{"@id":"https:\/\/roce.hr\/zastupnistvo\/kruzne-pile-macc\/#breadcrumb"},"inLanguage":"en-GB","potentialAction":[{"@type":"ReadAction","target":["https:\/\/roce.hr\/zastupnistvo\/kruzne-pile-macc\/"]}]},{"@type":"ImageObject","inLanguage":"en-GB","@id":"https:\/\/roce.hr\/zastupnistvo\/kruzne-pile-macc\/#primaryimage","url":"https:\/\/roce.hr\/wp-content\/uploads\/2026\/02\/NEW-315-Macc-184x300.webp","contentUrl":"https:\/\/roce.hr\/wp-content\/uploads\/2026\/02\/NEW-315-Macc-184x300.webp"},{"@type":"BreadcrumbList","@id":"https:\/\/roce.hr\/zastupnistvo\/kruzne-pile-macc\/#breadcrumb","itemListElement":[{"@type":"ListItem","position":1,"name":"Home","item":"https:\/\/roce.hr\/"},{"@type":"ListItem","position":2,"name":"Zastupni\u0161tvo","item":"https:\/\/roce.hr\/zastupnistvo\/"},{"@type":"ListItem","position":3,"name":"Kru\u017ene pile MACC"}]},{"@type":"WebSite","@id":"https:\/\/roce.hr\/#website","url":"https:\/\/roce.hr\/","name":"roce","description":"","publisher":{"@id":"https:\/\/roce.hr\/#organization"},"potentialAction":[{"@type":"SearchAction","target":{"@type":"EntryPoint","urlTemplate":"https:\/\/roce.hr\/?s={search_term_string}"},"query-input":{"@type":"PropertyValueSpecification","valueRequired":true,"valueName":"search_term_string"}}],"inLanguage":"en-GB"},{"@type":"Organization","@id":"https:\/\/roce.hr\/#organization","name":"ROCE d.o.o.","url":"https:\/\/roce.hr\/","logo":{"@type":"ImageObject","inLanguage":"en-GB","@id":"https:\/\/roce.hr\/#\/schema\/logo\/image\/","url":"https:\/\/roce.hr\/wp-content\/uploads\/2026\/02\/7-DRVO.webp","contentUrl":"https:\/\/roce.hr\/wp-content\/uploads\/2026\/02\/7-DRVO.webp","width":1000,"height":161,"caption":"ROCE d.o.o."},"image":{"@id":"https:\/\/roce.hr\/#\/schema\/logo\/image\/"},"sameAs":["https:\/\/www.facebook.com\/rocedoopula\/"]}]}},"uagb_featured_image_src":{"full":false,"thumbnail":false,"medium":false,"medium_large":false,"large":false,"1536x1536":false,"2048x2048":false,"trp-custom-language-flag":false},"uagb_author_info":{"display_name":"Straniceroce","author_link":"https:\/\/roce.hr\/en\/author\/straniceroce\/"},"uagb_comment_info":0,"uagb_excerpt":"Kru\u017ene pile MACC Rezanje \u010delika reznom plo\u010dom Rezanje obojenih metala reznom plo\u010dom Rezanje \u010delika abrazivnom plo\u010dom","_links":{"self":[{"href":"https:\/\/roce.hr\/en\/wp-json\/wp\/v2\/pages\/126","targetHints":{"allow":["GET"]}}],"collection":[{"href":"https:\/\/roce.hr\/en\/wp-json\/wp\/v2\/pages"}],"about":[{"href":"https:\/\/roce.hr\/en\/wp-json\/wp\/v2\/types\/page"}],"author":[{"embeddable":true,"href":"https:\/\/roce.hr\/en\/wp-json\/wp\/v2\/users\/1"}],"replies":[{"embeddable":true,"href":"https:\/\/roce.hr\/en\/wp-json\/wp\/v2\/comments?post=126"}],"version-history":[{"count":0,"href":"https:\/\/roce.hr\/en\/wp-json\/wp\/v2\/pages\/126\/revisions"}],"up":[{"embeddable":true,"href":"https:\/\/roce.hr\/en\/wp-json\/wp\/v2\/pages\/16"}],"wp:attachment":[{"href":"https:\/\/roce.hr\/en\/wp-json\/wp\/v2\/media?parent=126"}],"curies":[{"name":"wp","href":"https:\/\/api.w.org\/{rel}","templated":true}]}}