{"id":136,"date":"2026-01-27T06:36:10","date_gmt":"2026-01-27T06:36:10","guid":{"rendered":"http:\/\/localhost\/rocetest5\/?page_id=136"},"modified":"2026-04-02T07:55:24","modified_gmt":"2026-04-02T07:55:24","slug":"list-tracne-pile-za-papir-i-spuzvu","status":"publish","type":"page","link":"https:\/\/roce.hr\/en\/listovi-za-tracne-pile\/list-tracne-pile-za-papir-i-spuzvu\/","title":{"rendered":"List tra\u010dne pile za papir i spu\u017evu"},"content":{"rendered":"<div class=\"wp-block-uagb-container uagb-block-355df85a alignfull uagb-is-root-container\"><div class=\"uagb-container-inner-blocks-wrap\">\n<div class=\"wp-block-uagb-advanced-heading uagb-block-6d3c8d51\"><h1 class=\"uagb-heading-text\">List tra\u010dne pile za  rezanje papira, kartona, gume, spu\u017eve i stiropora<\/h1><\/div>\n<\/div><\/div>\n\n\n\n<div class=\"wp-block-uagb-container uagb-block-9f029b6e alignfull uagb-is-root-container\"><div class=\"uagb-container-inner-blocks-wrap\">\n<div class=\"wp-block-uagb-separator uagb-block-63867bcc\"><div class=\"wp-block-uagb-separator__inner\" style=\"--my-background-image:\"><\/div><\/div>\n<\/div><\/div>\n\n\n\n<div class=\"wp-block-uagb-container uagb-block-f315a5d5 alignfull uagb-is-root-container\"><div class=\"uagb-container-inner-blocks-wrap\">\n<div class=\"wp-block-uagb-container uagb-block-b879094d alignfull uagb-is-root-container\"><div class=\"uagb-container-inner-blocks-wrap\">\n<p><em>Fleksibilna uglji\u010dna rezna traka iz legiranog \u010delika, s poliranim bo\u010dnicama i ravnom jednostrukom ili dvostrukom reznom o\u0161tricom, u dimenzijama 10 x 0,5 mm i 20 x 0,8 mm.<\/em><\/p>\n\n\n\n<p><em>Nudimo jamstvo na zavar, te otpremu istog dana za narud\u017ebe do 11:00h. Dostava se vr\u0161i unutar 24h.<\/em><\/p>\n<\/div><\/div>\n<\/div><\/div>\n\n\n\n<div class=\"wp-block-uagb-container uagb-block-a13d6100 alignfull uagb-is-root-container\"><div class=\"uagb-container-inner-blocks-wrap\">\n<div class=\"wp-block-uagb-tabs uagb-block-d97e0341 uagb-tabs__wrap uagb-tabs__hstyle1-desktop uagb-tabs__hstyle5-tablet uagb-tabs__stack1-mobile\" data-tab-active=\"0\"><ul class=\"uagb-tabs__panel uagb-tabs__align-center\" role=\"tablist\"><li class=\"uagb-tab uagb-tabs__active\" role=\"none\"><a href=\"#uagb-tabs__tab0\" class=\"uagb-tabs-list uagb-tabs__icon-position-left\" data-tab=\"0\" role=\"tab\"><div>Dvostruka o\u0161trica 10 \u00d7 0,5<\/div><\/a><\/li><li class=\"uagb-tab\" role=\"none\"><a href=\"#uagb-tabs__tab1\" class=\"uagb-tabs-list uagb-tabs__icon-position-left\" data-tab=\"1\" role=\"tab\"><div>Jednostruka o\u0161trica 20 \u00d7 0,8<\/div><\/a><\/li><\/ul><div class=\"uagb-tabs__body-wrap\">\n<div class=\"wp-block-uagb-tabs-child uagb-tabs__body-container uagb-inner-tab-0\" aria-labelledby=\"uagb-tabs__tab0\">\n<div class=\"wp-block-uagb-container uagb-layout-flex uagb-block-d73e343a alignfull uagb-is-root-container\"><div class=\"uagb-container-inner-blocks-wrap\">\t\t\t\t\t<div\n\t\t\t\t\t\tclass=\"wp-block-uagb-image-gallery uagb-block-085c64e1\"\n\t\t\t\t\t\tstyle=\"\"\n\t\t\t\t\t>\n\t\t\t\t\t\t\t\t\t\t\t<div class=\"spectra-image-gallery spectra-image-gallery__layout--masonry spectra-image-gallery__layout--masonry-col-1 spectra-image-gallery__layout--masonry-col-tab-1 spectra-image-gallery__layout--masonry-col-mob-1\">\n\t\t\t\t\t\t\t\t\t\t\t<div class='spectra-image-gallery__media-wrapper--isotope'>\n\t\t\t\t\t\t\t<div class='spectra-image-gallery__media-wrapper' data-spectra-gallery-image-id='1763' tabindex=\"0\">\n\t\t\t\t\t\t\t<div class=\"spectra-image-gallery__media spectra-image-gallery__media--masonry\">\n\t\t\t\t<picture>\n\t\t\t\t\t<source media=\"(min-width: 1024px)\" srcset=\"https:\/\/roce.hr\/wp-content\/uploads\/2026\/02\/10x05-listovi-pile-za-papir-gume-spuzve-i-stiropora.webp\">\n\t\t\t\t\t<source media=\"(min-width: 768px)\" srcset=\"https:\/\/roce.hr\/wp-content\/uploads\/2026\/02\/10x05-listovi-pile-za-papir-gume-spuzve-i-stiropora.webp\">\n\t\t\t\t\t<img decoding=\"async\" class=\"spectra-image-gallery__media-thumbnail spectra-image-gallery__media-thumbnail--masonry\" src=\"https:\/\/roce.hr\/wp-content\/uploads\/2026\/02\/10x05-listovi-pile-za-papir-gume-spuzve-i-stiropora-300x86.webp\" alt=\"\" loading=\"lazy\" \/>\n\t\t\t\t<\/picture>\n\t\t\t\t<div class=\"spectra-image-gallery__media-thumbnail-blurrer\"><\/div>\n\t\t\t\t\t\t\t\t\t\t\t<div class=\"spectra-image-gallery__media-thumbnail-caption-wrapper spectra-image-gallery__media-thumbnail-caption-wrapper--overlay\"><\/div>\n\t\t\t\t\t\t\t\t<\/div>\n\t\t\t\t\t\t<\/div>\n\t\t\t\t\t\t<\/div>\n\t\t\t\t\t\t\t\t\t\t<\/div>\n\t\t\t\t\t\t\t\t\t\t\t\t\t\t\t\t\t\t<\/div>\n\t\t\t\t\t\t\t\t\t\t\t<div class='spectra-image-gallery__control-lightbox' tabindex='0'>\n\t\t\t\t\t\t\t\t\t\t\t<div class=\"swiper spectra-image-gallery__control-lightbox--main\" dir=\"\">\n\t\t\t\t\t<div class=\"swiper-wrapper\">\n\t\t\t\t\t\t\t\t\t\t\t\t\t\n\t\t\t\t\t\t\t<div class=\"swiper-slide\">\n\t\t\t\t\t\t\t\t<img class=\"swiper-lazy\" data-src=\"https:\/\/roce.hr\/wp-content\/uploads\/2026\/02\/10x05-listovi-pile-za-papir-gume-spuzve-i-stiropora.webp\" alt=\"\"\/>\n\t\t\t\t\t\t\t\t<div class=\"swiper-lazy-preloader swiper-lazy-preloader-white\"><\/div>\n\t\t\t\t\t\t\t\t\t\t\t\t\t\t\t<\/div>\n\t\t\t\t\t\t\t\t\t\t\t<\/div>\n\t\t\t\t\t<div class=\"swiper-button-next\"><\/div>\n\t\t\t\t\t<div class=\"swiper-button-prev\"><\/div>\n\t\t\t\t<\/div>\t\t\t\n\t\t\t\t\t\t\t\t\t\t\t\t\t\t\t\t\t\t\t\t\t\t\t\t\t\t\t\t\t\t\t\t<button class='spectra-image-gallery__control-lightbox--close' aria-label=\"Close\">\n\t\t\t\t\t\t\t\t\t\t\t\t\t<svg xmlns=\"https:\/\/www.w3.org\/2000\/svg\" viewbox= \"0 0 320 512\"><path d=\"M310.6 361.4c12.5 12.5 12.5 32.75 0 45.25C304.4 412.9 296.2 416 288 416s-16.38-3.125-22.62-9.375L160 301.3L54.63 406.6C48.38 412.9 40.19 416 32 416S15.63 412.9 9.375 406.6c-12.5-12.5-12.5-32.75 0-45.25l105.4-105.4L9.375 150.6c-12.5-12.5-12.5-32.75 0-45.25s32.75-12.5 45.25 0L160 210.8l105.4-105.4c12.5-12.5 32.75-12.5 45.25 0s12.5 32.75 0 45.25l-105.4 105.4L310.6 361.4z\"><\/path><\/svg>\n\t\t\t\t\t\t\t\t\t\t\t\t<\/button>\n\t\t\t\t\t\t\t\t\t\t\t\t\t<\/div>\n\t\t\t\t\t\t\t\t\t<\/div><\/div>\n\n\n\n<ul class=\"wp-block-list\">\n<li>Dvostruka o\u0161trica omogu\u0107uje dvosmjerno rezanje<\/li>\n\n\n\n<li><strong>10 x 0,5<\/strong> mm (du\u017eina \u00d7 \u0161irina \u00d7 debljina):\n<ul class=\"wp-block-list\">\n<li>Du\u017eina trake prema zahtjevu<\/li>\n<\/ul>\n<\/li>\n<\/ul>\n<\/div>\n\n\n\n<div class=\"wp-block-uagb-tabs-child uagb-tabs__body-container uagb-inner-tab-1\" aria-labelledby=\"uagb-tabs__tab1\">\n<div class=\"wp-block-uagb-container uagb-layout-flex uagb-block-15c50d3e alignfull uagb-is-root-container\"><div class=\"uagb-container-inner-blocks-wrap\">\t\t\t\t\t<div\n\t\t\t\t\t\tclass=\"wp-block-uagb-image-gallery uagb-block-fa75b198\"\n\t\t\t\t\t\tstyle=\"\"\n\t\t\t\t\t>\n\t\t\t\t\t\t\t\t\t\t\t<div class=\"spectra-image-gallery spectra-image-gallery__layout--masonry spectra-image-gallery__layout--masonry-col-1 spectra-image-gallery__layout--masonry-col-tab-1 spectra-image-gallery__layout--masonry-col-mob-1\">\n\t\t\t\t\t\t\t\t\t\t\t<div class='spectra-image-gallery__media-wrapper--isotope'>\n\t\t\t\t\t\t\t<div class='spectra-image-gallery__media-wrapper' data-spectra-gallery-image-id='1764' tabindex=\"0\">\n\t\t\t\t\t\t\t<div class=\"spectra-image-gallery__media spectra-image-gallery__media--masonry\">\n\t\t\t\t<picture>\n\t\t\t\t\t<source media=\"(min-width: 1024px)\" srcset=\"https:\/\/roce.hr\/wp-content\/uploads\/2026\/02\/20x08-listovi-pile-za-papir-gume-spuzve-i-stiropora.webp\">\n\t\t\t\t\t<source media=\"(min-width: 768px)\" srcset=\"https:\/\/roce.hr\/wp-content\/uploads\/2026\/02\/20x08-listovi-pile-za-papir-gume-spuzve-i-stiropora.webp\">\n\t\t\t\t\t<img decoding=\"async\" class=\"spectra-image-gallery__media-thumbnail spectra-image-gallery__media-thumbnail--masonry\" src=\"https:\/\/roce.hr\/wp-content\/uploads\/2026\/02\/20x08-listovi-pile-za-papir-gume-spuzve-i-stiropora-300x65.webp\" alt=\"\" loading=\"lazy\" \/>\n\t\t\t\t<\/picture>\n\t\t\t\t<div class=\"spectra-image-gallery__media-thumbnail-blurrer\"><\/div>\n\t\t\t\t\t\t\t\t\t\t\t<div class=\"spectra-image-gallery__media-thumbnail-caption-wrapper spectra-image-gallery__media-thumbnail-caption-wrapper--overlay\"><\/div>\n\t\t\t\t\t\t\t\t<\/div>\n\t\t\t\t\t\t<\/div>\n\t\t\t\t\t\t<\/div>\n\t\t\t\t\t\t\t\t\t\t<\/div>\n\t\t\t\t\t\t\t\t\t\t\t\t\t\t\t\t\t\t<\/div>\n\t\t\t\t\t\t\t\t\t\t\t<div class='spectra-image-gallery__control-lightbox' tabindex='0'>\n\t\t\t\t\t\t\t\t\t\t\t<div class=\"swiper spectra-image-gallery__control-lightbox--main\" dir=\"\">\n\t\t\t\t\t<div class=\"swiper-wrapper\">\n\t\t\t\t\t\t\t\t\t\t\t\t\t\n\t\t\t\t\t\t\t<div class=\"swiper-slide\">\n\t\t\t\t\t\t\t\t<img class=\"swiper-lazy\" data-src=\"https:\/\/roce.hr\/wp-content\/uploads\/2026\/02\/20x08-listovi-pile-za-papir-gume-spuzve-i-stiropora.webp\" alt=\"\"\/>\n\t\t\t\t\t\t\t\t<div class=\"swiper-lazy-preloader swiper-lazy-preloader-white\"><\/div>\n\t\t\t\t\t\t\t\t\t\t\t\t\t\t\t<\/div>\n\t\t\t\t\t\t\t\t\t\t\t<\/div>\n\t\t\t\t\t<div class=\"swiper-button-next\"><\/div>\n\t\t\t\t\t<div class=\"swiper-button-prev\"><\/div>\n\t\t\t\t<\/div>\t\t\t\n\t\t\t\t\t\t\t\t\t\t\t\t\t\t\t\t\t\t\t\t\t\t\t\t\t\t\t\t\t\t\t\t<button class='spectra-image-gallery__control-lightbox--close' aria-label=\"Close\">\n\t\t\t\t\t\t\t\t\t\t\t\t\t<svg xmlns=\"https:\/\/www.w3.org\/2000\/svg\" viewbox= \"0 0 320 512\"><path d=\"M310.6 361.4c12.5 12.5 12.5 32.75 0 45.25C304.4 412.9 296.2 416 288 416s-16.38-3.125-22.62-9.375L160 301.3L54.63 406.6C48.38 412.9 40.19 416 32 416S15.63 412.9 9.375 406.6c-12.5-12.5-12.5-32.75 0-45.25l105.4-105.4L9.375 150.6c-12.5-12.5-12.5-32.75 0-45.25s32.75-12.5 45.25 0L160 210.8l105.4-105.4c12.5-12.5 32.75-12.5 45.25 0s12.5 32.75 0 45.25l-105.4 105.4L310.6 361.4z\"><\/path><\/svg>\n\t\t\t\t\t\t\t\t\t\t\t\t<\/button>\n\t\t\t\t\t\t\t\t\t\t\t\t\t<\/div>\n\t\t\t\t\t\t\t\t\t<\/div><\/div>\n\n\n\n<ul class=\"wp-block-list\">\n<li><strong>20 x 0,8<\/strong> mm (du\u017eina \u00d7 \u0161irina \u00d7 debljina):\n<ul class=\"wp-block-list\">\n<li>Du\u017eina trake prema zahtjevu<\/li>\n<\/ul>\n<\/li>\n<\/ul>\n<\/div>\n<\/div><\/div>\n<\/div><\/div>\n\n\n\n<div class=\"wp-block-uagb-container uagb-block-2824dc1f alignfull uagb-is-root-container\"><div class=\"uagb-container-inner-blocks-wrap\">\n<div class=\"wp-block-uagb-separator uagb-block-15a97577\"><div class=\"wp-block-uagb-separator__inner\" style=\"--my-background-image:\"><\/div><\/div>\n<\/div><\/div>\n\n\n\n<div class=\"wp-block-uagb-buttons uagb-buttons__outer-wrap uagb-btn__default-btn uagb-btn-tablet__default-btn uagb-btn-mobile__default-btn uagb-block-2d3a7eb5\"><div class=\"uagb-buttons__wrap uagb-buttons-layout-wrap\">\n<div class=\"wp-block-uagb-buttons-child uagb-buttons__outer-wrap uagb-block-2f6a6d3e wp-block-button\"><div class=\"uagb-button__wrapper\"><a class=\"uagb-buttons-repeater wp-block-button__link\" aria-label=\"\" href=\"https:\/\/roce.hr\/en\/zastupnistvo\/tracne-pile\/\" rel=\"follow noopener\" target=\"_self\" role=\"button\"><div class=\"uagb-button__link\">TRA\u010cNE PILE<\/div><span class=\"uagb-button__icon uagb-button__icon-position-after\"><svg xmlns=\"https:\/\/www.w3.org\/2000\/svg\" viewbox=\"0 0 448 512\" aria-hidden=\"true\" focussable=\"false\"><path d=\"M438.6 278.6l-160 160C272.4 444.9 264.2 448 256 448s-16.38-3.125-22.62-9.375c-12.5-12.5-12.5-32.75 0-45.25L338.8 288H32C14.33 288 .0016 273.7 .0016 256S14.33 224 32 224h306.8l-105.4-105.4c-12.5-12.5-12.5-32.75 0-45.25s32.75-12.5 45.25 0l160 160C451.1 245.9 451.1 266.1 438.6 278.6z\"><\/path><\/svg><\/span><\/a><\/div><\/div>\n<\/div><\/div>\n\n\n\n<div class=\"wp-block-uagb-container uagb-block-716ade2b alignfull uagb-is-root-container\"><div class=\"uagb-container-inner-blocks-wrap\"><\/div><\/div>","protected":false},"excerpt":{"rendered":"<p>List tra\u010dne pile za rezanje papira, kartona, gume, spu\u017eve i stiropora Fleksibilna uglji\u010dna rezna traka iz legiranog \u010delika, s poliranim bo\u010dnicama i ravnom jednostrukom ili dvostrukom reznom o\u0161tricom, u dimenzijama 10 x 0,5 mm i 20 x 0,8 mm. Nudimo jamstvo na zavar, te otpremu istog dana za narud\u017ebe do 11:00h. Dostava se vr\u0161i unutar [&hellip;]<\/p>\n","protected":false},"author":1,"featured_media":0,"parent":140,"menu_order":0,"comment_status":"closed","ping_status":"closed","template":"roce","meta":{"_uag_custom_page_level_css":"","footnotes":""},"class_list":["post-136","page","type-page","status-publish","hentry"],"yoast_head":"<!-- This site is optimized with the Yoast SEO plugin v27.3 - https:\/\/yoast.com\/product\/yoast-seo-wordpress\/ -->\n<title>List tra\u010dne pile za papir i spu\u017evu - roce<\/title>\n<meta name=\"robots\" content=\"index, follow, max-snippet:-1, max-image-preview:large, max-video-preview:-1\" \/>\n<link rel=\"canonical\" href=\"https:\/\/roce.hr\/en\/listovi-za-tracne-pile\/list-tracne-pile-za-papir-i-spuzvu\/\" \/>\n<meta property=\"og:locale\" content=\"en_GB\" \/>\n<meta property=\"og:type\" content=\"article\" \/>\n<meta property=\"og:title\" content=\"List tra\u010dne pile za papir i spu\u017evu - roce\" \/>\n<meta property=\"og:description\" content=\"List tra\u010dne pile za rezanje papira, kartona, gume, spu\u017eve i stiropora Fleksibilna uglji\u010dna rezna traka iz legiranog \u010delika, s poliranim bo\u010dnicama i ravnom jednostrukom ili dvostrukom reznom o\u0161tricom, u dimenzijama 10 x 0,5 mm i 20 x 0,8 mm. Nudimo jamstvo na zavar, te otpremu istog dana za narud\u017ebe do 11:00h. Dostava se vr\u0161i unutar [&hellip;]\" \/>\n<meta property=\"og:url\" content=\"https:\/\/roce.hr\/en\/listovi-za-tracne-pile\/list-tracne-pile-za-papir-i-spuzvu\/\" \/>\n<meta property=\"og:site_name\" content=\"roce\" \/>\n<meta property=\"article:publisher\" content=\"https:\/\/www.facebook.com\/rocedoopula\/\" \/>\n<meta property=\"article:modified_time\" content=\"2026-04-02T07:55:24+00:00\" \/>\n<meta name=\"twitter:card\" content=\"summary_large_image\" \/>\n<script type=\"application\/ld+json\" class=\"yoast-schema-graph\">{\"@context\":\"https:\\\/\\\/schema.org\",\"@graph\":[{\"@type\":\"WebPage\",\"@id\":\"https:\\\/\\\/roce.hr\\\/listovi-za-tracne-pile\\\/list-tracne-pile-za-papir-i-spuzvu\\\/\",\"url\":\"https:\\\/\\\/roce.hr\\\/listovi-za-tracne-pile\\\/list-tracne-pile-za-papir-i-spuzvu\\\/\",\"name\":\"List tra\u010dne pile za papir i spu\u017evu - roce\",\"isPartOf\":{\"@id\":\"https:\\\/\\\/roce.hr\\\/#website\"},\"datePublished\":\"2026-01-27T06:36:10+00:00\",\"dateModified\":\"2026-04-02T07:55:24+00:00\",\"breadcrumb\":{\"@id\":\"https:\\\/\\\/roce.hr\\\/listovi-za-tracne-pile\\\/list-tracne-pile-za-papir-i-spuzvu\\\/#breadcrumb\"},\"inLanguage\":\"en-GB\",\"potentialAction\":[{\"@type\":\"ReadAction\",\"target\":[\"https:\\\/\\\/roce.hr\\\/listovi-za-tracne-pile\\\/list-tracne-pile-za-papir-i-spuzvu\\\/\"]}]},{\"@type\":\"BreadcrumbList\",\"@id\":\"https:\\\/\\\/roce.hr\\\/listovi-za-tracne-pile\\\/list-tracne-pile-za-papir-i-spuzvu\\\/#breadcrumb\",\"itemListElement\":[{\"@type\":\"ListItem\",\"position\":1,\"name\":\"Home\",\"item\":\"https:\\\/\\\/roce.hr\\\/\"},{\"@type\":\"ListItem\",\"position\":2,\"name\":\"Listovi za tra\u010dne pile\",\"item\":\"https:\\\/\\\/roce.hr\\\/listovi-za-tracne-pile\\\/\"},{\"@type\":\"ListItem\",\"position\":3,\"name\":\"List tra\u010dne pile za papir i spu\u017evu\"}]},{\"@type\":\"WebSite\",\"@id\":\"https:\\\/\\\/roce.hr\\\/#website\",\"url\":\"https:\\\/\\\/roce.hr\\\/\",\"name\":\"roce\",\"description\":\"\",\"publisher\":{\"@id\":\"https:\\\/\\\/roce.hr\\\/#organization\"},\"potentialAction\":[{\"@type\":\"SearchAction\",\"target\":{\"@type\":\"EntryPoint\",\"urlTemplate\":\"https:\\\/\\\/roce.hr\\\/?s={search_term_string}\"},\"query-input\":{\"@type\":\"PropertyValueSpecification\",\"valueRequired\":true,\"valueName\":\"search_term_string\"}}],\"inLanguage\":\"en-GB\"},{\"@type\":\"Organization\",\"@id\":\"https:\\\/\\\/roce.hr\\\/#organization\",\"name\":\"ROCE d.o.o.\",\"url\":\"https:\\\/\\\/roce.hr\\\/\",\"logo\":{\"@type\":\"ImageObject\",\"inLanguage\":\"en-GB\",\"@id\":\"https:\\\/\\\/roce.hr\\\/#\\\/schema\\\/logo\\\/image\\\/\",\"url\":\"https:\\\/\\\/roce.hr\\\/wp-content\\\/uploads\\\/2026\\\/02\\\/7-DRVO.webp\",\"contentUrl\":\"https:\\\/\\\/roce.hr\\\/wp-content\\\/uploads\\\/2026\\\/02\\\/7-DRVO.webp\",\"width\":1000,\"height\":161,\"caption\":\"ROCE d.o.o.\"},\"image\":{\"@id\":\"https:\\\/\\\/roce.hr\\\/#\\\/schema\\\/logo\\\/image\\\/\"},\"sameAs\":[\"https:\\\/\\\/www.facebook.com\\\/rocedoopula\\\/\"]}]}<\/script>\n<!-- \/ Yoast SEO plugin. -->","yoast_head_json":{"title":"List tra\u010dne pile za papir i spu\u017evu - roce","robots":{"index":"index","follow":"follow","max-snippet":"max-snippet:-1","max-image-preview":"max-image-preview:large","max-video-preview":"max-video-preview:-1"},"canonical":"https:\/\/roce.hr\/en\/listovi-za-tracne-pile\/list-tracne-pile-za-papir-i-spuzvu\/","og_locale":"en_GB","og_type":"article","og_title":"List tra\u010dne pile za papir i spu\u017evu - roce","og_description":"List tra\u010dne pile za rezanje papira, kartona, gume, spu\u017eve i stiropora Fleksibilna uglji\u010dna rezna traka iz legiranog \u010delika, s poliranim bo\u010dnicama i ravnom jednostrukom ili dvostrukom reznom o\u0161tricom, u dimenzijama 10 x 0,5 mm i 20 x 0,8 mm. Nudimo jamstvo na zavar, te otpremu istog dana za narud\u017ebe do 11:00h. Dostava se vr\u0161i unutar [&hellip;]","og_url":"https:\/\/roce.hr\/en\/listovi-za-tracne-pile\/list-tracne-pile-za-papir-i-spuzvu\/","og_site_name":"roce","article_publisher":"https:\/\/www.facebook.com\/rocedoopula\/","article_modified_time":"2026-04-02T07:55:24+00:00","twitter_card":"summary_large_image","schema":{"@context":"https:\/\/schema.org","@graph":[{"@type":"WebPage","@id":"https:\/\/roce.hr\/listovi-za-tracne-pile\/list-tracne-pile-za-papir-i-spuzvu\/","url":"https:\/\/roce.hr\/listovi-za-tracne-pile\/list-tracne-pile-za-papir-i-spuzvu\/","name":"List tra\u010dne pile za papir i spu\u017evu - roce","isPartOf":{"@id":"https:\/\/roce.hr\/#website"},"datePublished":"2026-01-27T06:36:10+00:00","dateModified":"2026-04-02T07:55:24+00:00","breadcrumb":{"@id":"https:\/\/roce.hr\/listovi-za-tracne-pile\/list-tracne-pile-za-papir-i-spuzvu\/#breadcrumb"},"inLanguage":"en-GB","potentialAction":[{"@type":"ReadAction","target":["https:\/\/roce.hr\/listovi-za-tracne-pile\/list-tracne-pile-za-papir-i-spuzvu\/"]}]},{"@type":"BreadcrumbList","@id":"https:\/\/roce.hr\/listovi-za-tracne-pile\/list-tracne-pile-za-papir-i-spuzvu\/#breadcrumb","itemListElement":[{"@type":"ListItem","position":1,"name":"Home","item":"https:\/\/roce.hr\/"},{"@type":"ListItem","position":2,"name":"Listovi za tra\u010dne pile","item":"https:\/\/roce.hr\/listovi-za-tracne-pile\/"},{"@type":"ListItem","position":3,"name":"List tra\u010dne pile za papir i spu\u017evu"}]},{"@type":"WebSite","@id":"https:\/\/roce.hr\/#website","url":"https:\/\/roce.hr\/","name":"roce","description":"","publisher":{"@id":"https:\/\/roce.hr\/#organization"},"potentialAction":[{"@type":"SearchAction","target":{"@type":"EntryPoint","urlTemplate":"https:\/\/roce.hr\/?s={search_term_string}"},"query-input":{"@type":"PropertyValueSpecification","valueRequired":true,"valueName":"search_term_string"}}],"inLanguage":"en-GB"},{"@type":"Organization","@id":"https:\/\/roce.hr\/#organization","name":"ROCE d.o.o.","url":"https:\/\/roce.hr\/","logo":{"@type":"ImageObject","inLanguage":"en-GB","@id":"https:\/\/roce.hr\/#\/schema\/logo\/image\/","url":"https:\/\/roce.hr\/wp-content\/uploads\/2026\/02\/7-DRVO.webp","contentUrl":"https:\/\/roce.hr\/wp-content\/uploads\/2026\/02\/7-DRVO.webp","width":1000,"height":161,"caption":"ROCE d.o.o."},"image":{"@id":"https:\/\/roce.hr\/#\/schema\/logo\/image\/"},"sameAs":["https:\/\/www.facebook.com\/rocedoopula\/"]}]}},"uagb_featured_image_src":{"full":false,"thumbnail":false,"medium":false,"medium_large":false,"large":false,"1536x1536":false,"2048x2048":false,"trp-custom-language-flag":false},"uagb_author_info":{"display_name":"Straniceroce","author_link":"https:\/\/roce.hr\/en\/author\/straniceroce\/"},"uagb_comment_info":0,"uagb_excerpt":"List tra\u010dne pile za rezanje papira, kartona, gume, spu\u017eve i stiropora Fleksibilna uglji\u010dna rezna traka iz legiranog \u010delika, s poliranim bo\u010dnicama i ravnom jednostrukom ili dvostrukom reznom o\u0161tricom, u dimenzijama 10 x 0,5 mm i 20 x 0,8 mm. Nudimo jamstvo na zavar, te otpremu istog dana za narud\u017ebe do 11:00h. Dostava se vr\u0161i unutar&hellip;","_links":{"self":[{"href":"https:\/\/roce.hr\/en\/wp-json\/wp\/v2\/pages\/136","targetHints":{"allow":["GET"]}}],"collection":[{"href":"https:\/\/roce.hr\/en\/wp-json\/wp\/v2\/pages"}],"about":[{"href":"https:\/\/roce.hr\/en\/wp-json\/wp\/v2\/types\/page"}],"author":[{"embeddable":true,"href":"https:\/\/roce.hr\/en\/wp-json\/wp\/v2\/users\/1"}],"replies":[{"embeddable":true,"href":"https:\/\/roce.hr\/en\/wp-json\/wp\/v2\/comments?post=136"}],"version-history":[{"count":0,"href":"https:\/\/roce.hr\/en\/wp-json\/wp\/v2\/pages\/136\/revisions"}],"up":[{"embeddable":true,"href":"https:\/\/roce.hr\/en\/wp-json\/wp\/v2\/pages\/140"}],"wp:attachment":[{"href":"https:\/\/roce.hr\/en\/wp-json\/wp\/v2\/media?parent=136"}],"curies":[{"name":"wp","href":"https:\/\/api.w.org\/{rel}","templated":true}]}}