{"id":1441,"date":"2026-02-10T06:39:20","date_gmt":"2026-02-10T06:39:20","guid":{"rendered":"http:\/\/localhost\/rocetest5\/?page_id=1441"},"modified":"2026-04-27T12:39:28","modified_gmt":"2026-04-27T12:39:28","slug":"servis-tracnih-pila","status":"publish","type":"page","link":"https:\/\/roce.hr\/en\/servis-tracnih-pila\/","title":{"rendered":"Servis"},"content":{"rendered":"<div class=\"wp-block-uagb-container uagb-block-355df85a alignfull uagb-is-root-container\"><div class=\"uagb-container-inner-blocks-wrap\">\n<div class=\"wp-block-uagb-advanced-heading uagb-block-6d3c8d51\"><h1 class=\"uagb-heading-text\">Servis<\/h1><\/div>\n<\/div><\/div>\n\n\n\n<div class=\"wp-block-uagb-container uagb-block-217ea822 alignfull uagb-is-root-container\"><div class=\"uagb-container-inner-blocks-wrap\">\n<hr class=\"wp-block-separator has-alpha-channel-opacity\"\/>\n<\/div><\/div>\n\n\n\n<div class=\"wp-block-uagb-container uagb-block-bdf5615b alignfull uagb-is-root-container\"><div class=\"uagb-container-inner-blocks-wrap\">\n<div class=\"wp-block-uagb-image uagb-block-79a2e6bf wp-block-uagb-image--layout-default wp-block-uagb-image--effect-static wp-block-uagb-image--align-none\"><figure class=\"wp-block-uagb-image__figure\"><img decoding=\"async\" srcset=\"https:\/\/roce.hr\/wp-content\/uploads\/2026\/04\/servis.webp ,https:\/\/roce.hr\/wp-content\/uploads\/2026\/04\/servis.webp 780w, https:\/\/roce.hr\/wp-content\/uploads\/2026\/04\/servis.webp 360w\" sizes=\"auto, (max-width: 480px) 150px\" src=\"https:\/\/roce.hr\/wp-content\/uploads\/2026\/04\/servis.webp\" alt=\"\" class=\"uag-image-4119\" width=\"226\" height=\"243\" title=\"servis\" loading=\"lazy\" role=\"img\"\/><\/figure><\/div>\n<\/div><\/div>\n\n\n\n<div class=\"wp-block-uagb-container uagb-block-8e0789db alignfull uagb-is-root-container\"><div class=\"uagb-container-inner-blocks-wrap\">\n<div class=\"wp-block-uagb-container uagb-block-b3300df4\">\n<p><em>Redovno odr\u017eavanje i servisiranje strojeva s ugradnjom originalnih zamjenskih dijelova.<\/em><\/p>\n\n\n\n<p><em>Generalni zastupnik i ovla\u0161teni servis za proizvo\u0111a\u010de: tra\u010dnih pila MACC, FEMI, NEBES, savija\u010dica cijevi i profila CBC, BPR, tra\u010dnih brusilica ROCE, stupnih bu\u0161ilica\/glodalica.<\/em><\/p>\n\n\n\n<p><em>Vr\u0161imo remont, reparaciju, modernizaciju i nadogradnju strojeva zastupanih proizvo\u0111a\u010da, ali i drugih po potrebi kao i ostalih vrsta strojeva i alata.<\/em><\/p>\n\n\n\n<p><em>Tipi\u010dan servis uklju\u010duje:<\/em><\/p>\n\n\n\n<ul class=\"wp-block-list\">\n<li><em>zamjenu:<\/em>\n<ul class=\"wp-block-list\">\n<li><em>istro\u0161enih le\u017eaja, tvrdih plo\u010dica<\/em><\/li>\n\n\n\n<li><em>hidrauli\u010dnog i reduktorskog ulja<\/em><\/li>\n\n\n\n<li><em>brtvi, semeringa i segera<\/em><\/li>\n\n\n\n<li><em>pogonskih i gonjenih remenica<\/em><\/li>\n\n\n\n<li><em>puknutih ili o\u0161te\u0107enih osovina<\/em><\/li>\n\n\n\n<li><em>reduktora i elektromotora<\/em><\/li>\n\n\n\n<li><em>elektroelemenata<\/em><\/li>\n<\/ul>\n<\/li>\n<\/ul>\n\n\n\n<ul class=\"wp-block-list\">\n<li><em>kalibraciju:<\/em>\n<ul class=\"wp-block-list\">\n<li><em>softvera<\/em><\/li>\n\n\n\n<li><em>zra\u010dnosti<\/em><\/li>\n\n\n\n<li><em>preciznosti rezanja\/savijanja\/bu\u0161enja\/bru\u0161enja<\/em><\/li>\n<\/ul>\n<\/li>\n<\/ul>\n\n\n\n<ul class=\"wp-block-list\">\n<li><em>nadogradnju:<\/em>\n<ul class=\"wp-block-list\">\n<li><em>kapaciteta prihvata \u0161kripa<\/em><\/li>\n\n\n\n<li><em>hidrauli\u010dne ko\u010dnice<\/em><\/li>\n\n\n\n<li><em>dodava\u010da materijala i grani\u010dnika<\/em><\/li>\n\n\n\n<li><em>softvera<\/em><\/li>\n<\/ul>\n<\/li>\n<\/ul>\n\n\n\n<p><em>Dostupni smo i za hitne intervencije s izlaskom na teren 7 dana u tjednu.<\/em><\/p>\n\n\n\n<p><em>Uz vi\u0161e od 30 godina iskustva, zalihe rezervnih dijelova, kanala opskrbe, opreme alata i strojne obrade sigurni smo u uspje\u0161ni servis.<\/em><\/p>\n<\/div>\n<\/div><\/div>\n\n\n\n<div class=\"wp-block-uagb-container uagb-block-ada6499c alignfull uagb-is-root-container\"><div class=\"uagb-container-inner-blocks-wrap\">\n<hr class=\"wp-block-separator has-alpha-channel-opacity\"\/>\n<\/div><\/div>\n\n\n\n<div class=\"wp-block-uagb-container uagb-block-716ade2b alignfull uagb-is-root-container\"><div class=\"uagb-container-inner-blocks-wrap\"><\/div><\/div>","protected":false},"excerpt":{"rendered":"<p>Servis Redovno odr\u017eavanje i servisiranje strojeva s ugradnjom originalnih zamjenskih dijelova. Generalni zastupnik i ovla\u0161teni servis za proizvo\u0111a\u010de: tra\u010dnih pila MACC, FEMI, NEBES, savija\u010dica cijevi i profila CBC, BPR, tra\u010dnih brusilica ROCE, stupnih bu\u0161ilica\/glodalica. Vr\u0161imo remont, reparaciju, modernizaciju i nadogradnju strojeva zastupanih proizvo\u0111a\u010da, ali i drugih po potrebi kao i ostalih vrsta strojeva i alata. [&hellip;]<\/p>\n","protected":false},"author":1,"featured_media":0,"parent":0,"menu_order":0,"comment_status":"closed","ping_status":"closed","template":"roce","meta":{"_uag_custom_page_level_css":"","footnotes":""},"class_list":["post-1441","page","type-page","status-publish","hentry"],"yoast_head":"<!-- This site is optimized with the Yoast SEO plugin v27.5 - https:\/\/yoast.com\/product\/yoast-seo-wordpress\/ -->\n<title>Servis tra\u010dnih pila i strojeva za obradu metala | Roce.hr<\/title>\n<meta name=\"description\" content=\"Servis tra\u010dnih pila, tra\u010dnih brusilica i savija\u010dica cijevi i profila. Profesionalno odr\u017eavanje i popravak strojeva za obradu metala.\" \/>\n<meta name=\"robots\" content=\"index, follow, max-snippet:-1, max-image-preview:large, max-video-preview:-1\" \/>\n<link rel=\"canonical\" href=\"https:\/\/roce.hr\/en\/servis-tracnih-pila\/\" \/>\n<meta property=\"og:locale\" content=\"en_GB\" \/>\n<meta property=\"og:type\" content=\"article\" \/>\n<meta property=\"og:title\" content=\"Servis tra\u010dnih pila i strojeva za obradu metala | Roce.hr\" \/>\n<meta property=\"og:description\" content=\"Servis tra\u010dnih pila, tra\u010dnih brusilica i savija\u010dica cijevi i profila. Profesionalno odr\u017eavanje i popravak strojeva za obradu metala.\" \/>\n<meta property=\"og:url\" content=\"https:\/\/roce.hr\/en\/servis-tracnih-pila\/\" \/>\n<meta property=\"og:site_name\" content=\"roce\" \/>\n<meta property=\"article:publisher\" content=\"https:\/\/www.facebook.com\/rocedoopula\/\" \/>\n<meta property=\"article:modified_time\" content=\"2026-04-27T12:39:28+00:00\" \/>\n<meta property=\"og:image\" content=\"https:\/\/roce.hr\/wp-content\/uploads\/2026\/04\/servis.webp\" \/>\n<meta name=\"twitter:card\" content=\"summary_large_image\" \/>\n<meta name=\"twitter:label1\" content=\"Estimated reading time\" \/>\n\t<meta name=\"twitter:data1\" content=\"1 minute\" \/>\n<script type=\"application\/ld+json\" class=\"yoast-schema-graph\">{\"@context\":\"https:\\\/\\\/schema.org\",\"@graph\":[{\"@type\":\"WebPage\",\"@id\":\"https:\\\/\\\/roce.hr\\\/servis-tracnih-pila\\\/\",\"url\":\"https:\\\/\\\/roce.hr\\\/servis-tracnih-pila\\\/\",\"name\":\"Servis tra\u010dnih pila i strojeva za obradu metala | Roce.hr\",\"isPartOf\":{\"@id\":\"https:\\\/\\\/roce.hr\\\/#website\"},\"primaryImageOfPage\":{\"@id\":\"https:\\\/\\\/roce.hr\\\/servis-tracnih-pila\\\/#primaryimage\"},\"image\":{\"@id\":\"https:\\\/\\\/roce.hr\\\/servis-tracnih-pila\\\/#primaryimage\"},\"thumbnailUrl\":\"https:\\\/\\\/roce.hr\\\/wp-content\\\/uploads\\\/2026\\\/04\\\/servis.webp\",\"datePublished\":\"2026-02-10T06:39:20+00:00\",\"dateModified\":\"2026-04-27T12:39:28+00:00\",\"description\":\"Servis tra\u010dnih pila, tra\u010dnih brusilica i savija\u010dica cijevi i profila. Profesionalno odr\u017eavanje i popravak strojeva za obradu metala.\",\"breadcrumb\":{\"@id\":\"https:\\\/\\\/roce.hr\\\/servis-tracnih-pila\\\/#breadcrumb\"},\"inLanguage\":\"en-GB\",\"potentialAction\":[{\"@type\":\"ReadAction\",\"target\":[\"https:\\\/\\\/roce.hr\\\/servis-tracnih-pila\\\/\"]}]},{\"@type\":\"ImageObject\",\"inLanguage\":\"en-GB\",\"@id\":\"https:\\\/\\\/roce.hr\\\/servis-tracnih-pila\\\/#primaryimage\",\"url\":\"https:\\\/\\\/roce.hr\\\/wp-content\\\/uploads\\\/2026\\\/04\\\/servis.webp\",\"contentUrl\":\"https:\\\/\\\/roce.hr\\\/wp-content\\\/uploads\\\/2026\\\/04\\\/servis.webp\"},{\"@type\":\"BreadcrumbList\",\"@id\":\"https:\\\/\\\/roce.hr\\\/servis-tracnih-pila\\\/#breadcrumb\",\"itemListElement\":[{\"@type\":\"ListItem\",\"position\":1,\"name\":\"Home\",\"item\":\"https:\\\/\\\/roce.hr\\\/\"},{\"@type\":\"ListItem\",\"position\":2,\"name\":\"Servis\"}]},{\"@type\":\"WebSite\",\"@id\":\"https:\\\/\\\/roce.hr\\\/#website\",\"url\":\"https:\\\/\\\/roce.hr\\\/\",\"name\":\"roce\",\"description\":\"\",\"publisher\":{\"@id\":\"https:\\\/\\\/roce.hr\\\/#organization\"},\"potentialAction\":[{\"@type\":\"SearchAction\",\"target\":{\"@type\":\"EntryPoint\",\"urlTemplate\":\"https:\\\/\\\/roce.hr\\\/?s={search_term_string}\"},\"query-input\":{\"@type\":\"PropertyValueSpecification\",\"valueRequired\":true,\"valueName\":\"search_term_string\"}}],\"inLanguage\":\"en-GB\"},{\"@type\":\"Organization\",\"@id\":\"https:\\\/\\\/roce.hr\\\/#organization\",\"name\":\"ROCE d.o.o.\",\"url\":\"https:\\\/\\\/roce.hr\\\/\",\"logo\":{\"@type\":\"ImageObject\",\"inLanguage\":\"en-GB\",\"@id\":\"https:\\\/\\\/roce.hr\\\/#\\\/schema\\\/logo\\\/image\\\/\",\"url\":\"https:\\\/\\\/roce.hr\\\/wp-content\\\/uploads\\\/2026\\\/02\\\/7-DRVO.webp\",\"contentUrl\":\"https:\\\/\\\/roce.hr\\\/wp-content\\\/uploads\\\/2026\\\/02\\\/7-DRVO.webp\",\"width\":1000,\"height\":161,\"caption\":\"ROCE d.o.o.\"},\"image\":{\"@id\":\"https:\\\/\\\/roce.hr\\\/#\\\/schema\\\/logo\\\/image\\\/\"},\"sameAs\":[\"https:\\\/\\\/www.facebook.com\\\/rocedoopula\\\/\"]}]}<\/script>\n<!-- \/ Yoast SEO plugin. -->","yoast_head_json":{"title":"Servis tra\u010dnih pila i strojeva za obradu metala | Roce.hr","description":"Servis tra\u010dnih pila, tra\u010dnih brusilica i savija\u010dica cijevi i profila. Profesionalno odr\u017eavanje i popravak strojeva za obradu metala.","robots":{"index":"index","follow":"follow","max-snippet":"max-snippet:-1","max-image-preview":"max-image-preview:large","max-video-preview":"max-video-preview:-1"},"canonical":"https:\/\/roce.hr\/en\/servis-tracnih-pila\/","og_locale":"en_GB","og_type":"article","og_title":"Servis tra\u010dnih pila i strojeva za obradu metala | Roce.hr","og_description":"Servis tra\u010dnih pila, tra\u010dnih brusilica i savija\u010dica cijevi i profila. Profesionalno odr\u017eavanje i popravak strojeva za obradu metala.","og_url":"https:\/\/roce.hr\/en\/servis-tracnih-pila\/","og_site_name":"roce","article_publisher":"https:\/\/www.facebook.com\/rocedoopula\/","article_modified_time":"2026-04-27T12:39:28+00:00","og_image":[{"url":"https:\/\/roce.hr\/wp-content\/uploads\/2026\/04\/servis.webp","type":"","width":"","height":""}],"twitter_card":"summary_large_image","twitter_misc":{"Estimated reading time":"1 minute"},"schema":{"@context":"https:\/\/schema.org","@graph":[{"@type":"WebPage","@id":"https:\/\/roce.hr\/servis-tracnih-pila\/","url":"https:\/\/roce.hr\/servis-tracnih-pila\/","name":"Servis tra\u010dnih pila i strojeva za obradu metala | Roce.hr","isPartOf":{"@id":"https:\/\/roce.hr\/#website"},"primaryImageOfPage":{"@id":"https:\/\/roce.hr\/servis-tracnih-pila\/#primaryimage"},"image":{"@id":"https:\/\/roce.hr\/servis-tracnih-pila\/#primaryimage"},"thumbnailUrl":"https:\/\/roce.hr\/wp-content\/uploads\/2026\/04\/servis.webp","datePublished":"2026-02-10T06:39:20+00:00","dateModified":"2026-04-27T12:39:28+00:00","description":"Servis tra\u010dnih pila, tra\u010dnih brusilica i savija\u010dica cijevi i profila. Profesionalno odr\u017eavanje i popravak strojeva za obradu metala.","breadcrumb":{"@id":"https:\/\/roce.hr\/servis-tracnih-pila\/#breadcrumb"},"inLanguage":"en-GB","potentialAction":[{"@type":"ReadAction","target":["https:\/\/roce.hr\/servis-tracnih-pila\/"]}]},{"@type":"ImageObject","inLanguage":"en-GB","@id":"https:\/\/roce.hr\/servis-tracnih-pila\/#primaryimage","url":"https:\/\/roce.hr\/wp-content\/uploads\/2026\/04\/servis.webp","contentUrl":"https:\/\/roce.hr\/wp-content\/uploads\/2026\/04\/servis.webp"},{"@type":"BreadcrumbList","@id":"https:\/\/roce.hr\/servis-tracnih-pila\/#breadcrumb","itemListElement":[{"@type":"ListItem","position":1,"name":"Home","item":"https:\/\/roce.hr\/"},{"@type":"ListItem","position":2,"name":"Servis"}]},{"@type":"WebSite","@id":"https:\/\/roce.hr\/#website","url":"https:\/\/roce.hr\/","name":"roce","description":"","publisher":{"@id":"https:\/\/roce.hr\/#organization"},"potentialAction":[{"@type":"SearchAction","target":{"@type":"EntryPoint","urlTemplate":"https:\/\/roce.hr\/?s={search_term_string}"},"query-input":{"@type":"PropertyValueSpecification","valueRequired":true,"valueName":"search_term_string"}}],"inLanguage":"en-GB"},{"@type":"Organization","@id":"https:\/\/roce.hr\/#organization","name":"ROCE d.o.o.","url":"https:\/\/roce.hr\/","logo":{"@type":"ImageObject","inLanguage":"en-GB","@id":"https:\/\/roce.hr\/#\/schema\/logo\/image\/","url":"https:\/\/roce.hr\/wp-content\/uploads\/2026\/02\/7-DRVO.webp","contentUrl":"https:\/\/roce.hr\/wp-content\/uploads\/2026\/02\/7-DRVO.webp","width":1000,"height":161,"caption":"ROCE d.o.o."},"image":{"@id":"https:\/\/roce.hr\/#\/schema\/logo\/image\/"},"sameAs":["https:\/\/www.facebook.com\/rocedoopula\/"]}]}},"uagb_featured_image_src":{"full":false,"thumbnail":false,"medium":false,"medium_large":false,"large":false,"1536x1536":false,"2048x2048":false,"trp-custom-language-flag":false},"uagb_author_info":{"display_name":"Straniceroce","author_link":"https:\/\/roce.hr\/en\/author\/straniceroce\/"},"uagb_comment_info":0,"uagb_excerpt":"Servis Redovno odr\u017eavanje i servisiranje strojeva s ugradnjom originalnih zamjenskih dijelova. Generalni zastupnik i ovla\u0161teni servis za proizvo\u0111a\u010de: tra\u010dnih pila MACC, FEMI, NEBES, savija\u010dica cijevi i profila CBC, BPR, tra\u010dnih brusilica ROCE, stupnih bu\u0161ilica\/glodalica. Vr\u0161imo remont, reparaciju, modernizaciju i nadogradnju strojeva zastupanih proizvo\u0111a\u010da, ali i drugih po potrebi kao i ostalih vrsta strojeva i alata.&hellip;","_links":{"self":[{"href":"https:\/\/roce.hr\/en\/wp-json\/wp\/v2\/pages\/1441","targetHints":{"allow":["GET"]}}],"collection":[{"href":"https:\/\/roce.hr\/en\/wp-json\/wp\/v2\/pages"}],"about":[{"href":"https:\/\/roce.hr\/en\/wp-json\/wp\/v2\/types\/page"}],"author":[{"embeddable":true,"href":"https:\/\/roce.hr\/en\/wp-json\/wp\/v2\/users\/1"}],"replies":[{"embeddable":true,"href":"https:\/\/roce.hr\/en\/wp-json\/wp\/v2\/comments?post=1441"}],"version-history":[{"count":0,"href":"https:\/\/roce.hr\/en\/wp-json\/wp\/v2\/pages\/1441\/revisions"}],"wp:attachment":[{"href":"https:\/\/roce.hr\/en\/wp-json\/wp\/v2\/media?parent=1441"}],"curies":[{"name":"wp","href":"https:\/\/api.w.org\/{rel}","templated":true}]}}