{"id":162,"date":"2026-01-27T06:41:23","date_gmt":"2026-01-27T06:41:23","guid":{"rendered":"http:\/\/localhost\/rocetest5\/?page_id=162"},"modified":"2026-04-22T11:56:59","modified_gmt":"2026-04-22T11:56:59","slug":"kruzne-pile-za-rezanje-obojenih-metala-reznom-plocom","status":"publish","type":"page","link":"https:\/\/roce.hr\/en\/zastupnistvo\/kruzne-pile-macc\/kruzne-pile-za-rezanje-obojenih-metala-reznom-plocom\/","title":{"rendered":"Cutting non-ferrous metals with a slab"},"content":{"rendered":"<div class=\"wp-block-uagb-container uagb-block-355df85a alignfull uagb-is-root-container\"><div class=\"uagb-container-inner-blocks-wrap\">\n<div class=\"wp-block-uagb-advanced-heading uagb-block-6d3c8d51\"><h1 class=\"uagb-heading-text\">Kru\u017ena pila MACC &#8211; Rezanje obojenih metala reznom plo\u010dom<\/h1><\/div>\n<\/div><\/div>\n\n\n\n<div class=\"wp-block-uagb-container uagb-block-1a99b3af alignfull uagb-is-root-container\"><div class=\"uagb-container-inner-blocks-wrap\">\n<div class=\"wp-block-uagb-separator uagb-block-86536ec2\"><div class=\"wp-block-uagb-separator__inner\" style=\"--my-background-image:\"><\/div><\/div>\n<\/div><\/div>\n\n\n\n<div class=\"wp-block-uagb-container uagb-layout-grid uagb-block-edcfc135 alignfull uagb-is-root-container\"><div class=\"uagb-container-inner-blocks-wrap\">\n<div class=\"wp-block-uagb-container uagb-block-ea59159b\">\n<div class=\"wp-block-uagb-advanced-heading uagb-block-ca5705ee\"><h3 class=\"uagb-heading-text\"> TA &#8211; 400<\/h3><\/div>\n\n\n\n<div class=\"wp-block-uagb-modal uagb-block-20cb813b uagb-modal-wrapper\" data-escpress=\"enable\" data-overlayclick=\"enable\"><img decoding=\"async\" src=\"https:\/\/roce.hr\/wp-content\/uploads\/2026\/02\/ta-400-191x300.webp\" alt=\"Kru\u017ena pila za rezanje obojenih metala pomo\u0107u rezne plo\u010de\" class=\"uagb-modal-trigger\" width=\"191\" height=\"300\" loading=\"lazy\"\/><div class=\"uagb-effect-default uagb-modal-popup uagb-block-20cb813b uagb-modal-type-undefined\"><div class=\"uagb-modal-popup-wrap\"><div class=\"uagb-modal-popup-content\">\n<div class=\"wp-block-uagb-image aligncenter uagb-block-e0685c4a wp-block-uagb-image--layout-default wp-block-uagb-image--effect-static wp-block-uagb-image--align-center\"><figure class=\"wp-block-uagb-image__figure\"><img decoding=\"async\" srcset=\"https:\/\/roce.hr\/wp-content\/uploads\/2026\/02\/ta-400-653x1024.webp ,https:\/\/roce.hr\/wp-content\/uploads\/2026\/02\/ta-400.webp 780w, https:\/\/roce.hr\/wp-content\/uploads\/2026\/02\/ta-400.webp 360w\" sizes=\"auto, (max-width: 480px) 150px\" src=\"https:\/\/roce.hr\/wp-content\/uploads\/2026\/02\/ta-400-653x1024.webp\" alt=\"\" class=\"uag-image-1200\" width=\"653\" height=\"1024\" title=\"\" loading=\"lazy\" role=\"presentation\"\/><\/figure><\/div>\n<\/div><button class=\"uagb-modal-popup-close\" aria-label=\"Close Modal\"><svg xmlns=\"https:\/\/www.w3.org\/2000\/svg\" viewbox=\"0 0 320 512\"><path d=\"M310.6 361.4c12.5 12.5 12.5 32.75 0 45.25C304.4 412.9 296.2 416 288 416s-16.38-3.125-22.62-9.375L160 301.3L54.63 406.6C48.38 412.9 40.19 416 32 416S15.63 412.9 9.375 406.6c-12.5-12.5-12.5-32.75 0-45.25l105.4-105.4L9.375 150.6c-12.5-12.5-12.5-32.75 0-45.25s32.75-12.5 45.25 0L160 210.8l105.4-105.4c12.5-12.5 32.75-12.5 45.25 0s12.5 32.75 0 45.25l-105.4 105.4L310.6 361.4z\"><\/path><\/svg><\/button><\/div><\/div><\/div>\n\n\n\n<div class=\"wp-block-uagb-tabs uagb-block-d97e0341 uagb-tabs__wrap uagb-tabs__hstyle1-desktop uagb-tabs__hstyle5-tablet uagb-tabs__stack1-mobile\" data-tab-active=\"0\"><ul class=\"uagb-tabs__panel uagb-tabs__align-center\" role=\"tablist\"><li class=\"uagb-tab uagb-tabs__active\" role=\"none\"><a href=\"#uagb-tabs__tab0\" class=\"uagb-tabs-list uagb-tabs__icon-position-left\" data-tab=\"0\" role=\"tab\"><div>Machine description<\/div><\/a><\/li><li class=\"uagb-tab\" role=\"none\"><a href=\"#uagb-tabs__tab1\" class=\"uagb-tabs-list uagb-tabs__icon-position-left\" data-tab=\"1\" role=\"tab\"><div>Technical specifications<\/div><\/a><\/li><li class=\"uagb-tab\" role=\"none\"><a href=\"#uagb-tabs__tab2\" class=\"uagb-tabs-list uagb-tabs__icon-position-left\" data-tab=\"2\" role=\"tab\"><div>Accessories<\/div><\/a><\/li><\/ul><div class=\"uagb-tabs__body-wrap\">\n<div class=\"wp-block-uagb-tabs-child uagb-tabs__body-container uagb-inner-tab-0\" aria-labelledby=\"uagb-tabs__tab0\">\n<ul style=\"color:#2b2e34\" class=\"wp-block-list has-text-color has-link-color wp-elements-fe46c1814d3a80f9dcd7e0d7d483a71d\">\n<li>Kru\u017ena pila za rezanje&nbsp;punih materijala i profila od aluminija i lakih legura.<\/li>\n\n\n\n<li>Niskonaponski sustav od 24 V s upravlja\u010dkom ru\u010dkom.&nbsp;<\/li>\n\n\n\n<li>Ru\u010dka s klinom za brzo pozicioniranje glave na&nbsp;&nbsp;0 \u00b0 i 45 \u00b0 udesno i ulijevo.<\/li>\n\n\n\n<li>Zakretna glava do 45 \u00b0 lijevo i desno.<\/li>\n\n\n\n<li>Nagibna glava do 45 \u00b0 lijevo.<\/li>\n\n\n\n<li>Osovina diska postavljena na le\u017eajeve.<\/li>\n\n\n\n<li>Rotiraju\u0107a plo\u010da postavljena na kugle.<\/li>\n\n\n\n<li>Dva ru\u010dna \u0161kripca.<\/li>\n\n\n\n<li>Teflonske \u010deljusti za u\u010dvr\u0161\u0107ivanje komada.<\/li>\n\n\n\n<li>Ruka dr\u017ea\u010d valjka.<\/li>\n\n\n\n<li>Grani\u010dnik.<\/li>\n\n\n\n<li>Servisni klju\u010devi.<\/li>\n\n\n\n<li>Upute za uporabu i knji\u017eica rezervnih dijelova.<\/li>\n\n\n\n<li>Ukupne dimenzije 1500 mm x 1000 mm x 900 mm.<\/li>\n<\/ul>\n<\/div>\n\n\n\n<div class=\"wp-block-uagb-tabs-child uagb-tabs__body-container uagb-inner-tab-1\" aria-labelledby=\"uagb-tabs__tab1\">\n<div class=\"wp-block-uagb-modal uagb-block-5816a128 uagb-modal-wrapper\" data-escpress=\"enable\" data-overlayclick=\"enable\"><img decoding=\"async\" src=\"https:\/\/roce.hr\/wp-content\/uploads\/2026\/02\/macc-ta-400-300x114.webp\" alt=\"\" class=\"uagb-modal-trigger\" width=\"300\" height=\"114\" loading=\"lazy\"\/><div class=\"uagb-effect-default uagb-modal-popup uagb-block-5816a128 uagb-modal-type-undefined\"><div class=\"uagb-modal-popup-wrap\"><div class=\"uagb-modal-popup-content\">\n<div class=\"wp-block-uagb-image uagb-block-9f299d42 wp-block-uagb-image--layout-default wp-block-uagb-image--effect-static wp-block-uagb-image--align-none\"><figure class=\"wp-block-uagb-image__figure\"><img decoding=\"async\" srcset=\"https:\/\/roce.hr\/wp-content\/uploads\/2026\/02\/macc-ta-400-1024x391.webp ,https:\/\/roce.hr\/wp-content\/uploads\/2026\/02\/macc-ta-400.webp 780w, https:\/\/roce.hr\/wp-content\/uploads\/2026\/02\/macc-ta-400.webp 360w\" sizes=\"auto, (max-width: 480px) 150px\" src=\"https:\/\/roce.hr\/wp-content\/uploads\/2026\/02\/macc-ta-400-1024x391.webp\" alt=\"\" class=\"uag-image-1201\" width=\"1024\" height=\"391\" title=\"\" loading=\"lazy\" role=\"presentation\"\/><\/figure><\/div>\n<\/div><button class=\"uagb-modal-popup-close\" aria-label=\"Close Modal\"><svg xmlns=\"https:\/\/www.w3.org\/2000\/svg\" viewbox=\"0 0 320 512\"><path d=\"M310.6 361.4c12.5 12.5 12.5 32.75 0 45.25C304.4 412.9 296.2 416 288 416s-16.38-3.125-22.62-9.375L160 301.3L54.63 406.6C48.38 412.9 40.19 416 32 416S15.63 412.9 9.375 406.6c-12.5-12.5-12.5-32.75 0-45.25l105.4-105.4L9.375 150.6c-12.5-12.5-12.5-32.75 0-45.25s32.75-12.5 45.25 0L160 210.8l105.4-105.4c12.5-12.5 32.75-12.5 45.25 0s12.5 32.75 0 45.25l-105.4 105.4L310.6 361.4z\"><\/path><\/svg><\/button><\/div><\/div><\/div>\n<\/div>\n\n\n\n<div class=\"wp-block-uagb-tabs-child uagb-tabs__body-container uagb-inner-tab-2\" aria-labelledby=\"uagb-tabs__tab2\">\n<ul class=\"wp-block-list\">\n<li>Pneumatski \u0161kripac s upravlja\u010dkom papu\u0107om.<\/li>\n\n\n\n<li>Elektromotor monofazni.<\/li>\n\n\n\n<li>Limeno postolje.<\/li>\n<\/ul>\n<\/div>\n<\/div><\/div>\n<\/div>\n<\/div><\/div>\n\n\n\n<div class=\"wp-block-uagb-container uagb-block-2824dc1f alignfull uagb-is-root-container\"><div class=\"uagb-container-inner-blocks-wrap\">\n<div class=\"wp-block-uagb-separator uagb-block-15a97577\"><div class=\"wp-block-uagb-separator__inner\" style=\"--my-background-image:\"><\/div><\/div>\n<\/div><\/div>\n\n\n\n<div class=\"wp-block-uagb-buttons uagb-buttons__outer-wrap uagb-btn__default-btn uagb-btn-tablet__default-btn uagb-btn-mobile__default-btn uagb-block-2d3a7eb5\"><div class=\"uagb-buttons__wrap uagb-buttons-layout-wrap\">\n<div class=\"wp-block-uagb-buttons-child uagb-buttons__outer-wrap uagb-block-2f6a6d3e wp-block-button\"><div class=\"uagb-button__wrapper\"><a class=\"uagb-buttons-repeater wp-block-button__link\" aria-label=\"\" href=\"https:\/\/roce.hr\/en\/zastupnistvo\/dodatna-oprema\/listovi-kruznih-pila\/\" rel=\"follow noopener\" target=\"_self\" role=\"button\"><div class=\"uagb-button__link\">LISTOVI KRU\u017dNIH PILA<\/div><span class=\"uagb-button__icon uagb-button__icon-position-after\"><svg xmlns=\"https:\/\/www.w3.org\/2000\/svg\" viewbox=\"0 0 448 512\" aria-hidden=\"true\" focussable=\"false\"><path d=\"M438.6 278.6l-160 160C272.4 444.9 264.2 448 256 448s-16.38-3.125-22.62-9.375c-12.5-12.5-12.5-32.75 0-45.25L338.8 288H32C14.33 288 .0016 273.7 .0016 256S14.33 224 32 224h306.8l-105.4-105.4c-12.5-12.5-12.5-32.75 0-45.25s32.75-12.5 45.25 0l160 160C451.1 245.9 451.1 266.1 438.6 278.6z\"><\/path><\/svg><\/span><\/a><\/div><\/div>\n<\/div><\/div>\n\n\n\n<div class=\"wp-block-uagb-container uagb-block-716ade2b alignfull uagb-is-root-container\"><div class=\"uagb-container-inner-blocks-wrap\"><\/div><\/div>","protected":false},"excerpt":{"rendered":"<p>Kru\u017ena pila MACC &#8211; Rezanje obojenih metala reznom plo\u010dom TA &#8211; 400<\/p>","protected":false},"author":1,"featured_media":0,"parent":126,"menu_order":0,"comment_status":"closed","ping_status":"closed","template":"roce","meta":{"_uag_custom_page_level_css":"","footnotes":""},"class_list":["post-162","page","type-page","status-publish","hentry"],"yoast_head":"<!-- This site is optimized with the Yoast SEO plugin v27.4 - https:\/\/yoast.com\/product\/yoast-seo-wordpress\/ -->\n<title>Kru\u017ena pila za rezanje obojenih metala reznom plo\u010dom - MACC<\/title>\n<meta name=\"description\" content=\"Rezanje\u00a0punih materijala i profila od aluminija i lakih legura, ru\u010dka s klinom za brzo pozicioniranje glave, zakretna glava, nagibna glava\" \/>\n<meta name=\"robots\" content=\"index, follow, max-snippet:-1, max-image-preview:large, max-video-preview:-1\" \/>\n<link rel=\"canonical\" href=\"https:\/\/roce.hr\/en\/zastupnistvo\/kruzne-pile-macc\/kruzne-pile-za-rezanje-obojenih-metala-reznom-plocom\/\" \/>\n<meta property=\"og:locale\" content=\"en_GB\" \/>\n<meta property=\"og:type\" content=\"article\" \/>\n<meta property=\"og:title\" content=\"Kru\u017ena pila za rezanje obojenih metala reznom plo\u010dom - MACC\" \/>\n<meta property=\"og:description\" content=\"Rezanje\u00a0punih materijala i profila od aluminija i lakih legura, ru\u010dka s klinom za brzo pozicioniranje glave, zakretna glava, nagibna glava\" \/>\n<meta property=\"og:url\" content=\"https:\/\/roce.hr\/en\/zastupnistvo\/kruzne-pile-macc\/kruzne-pile-za-rezanje-obojenih-metala-reznom-plocom\/\" \/>\n<meta property=\"og:site_name\" content=\"roce\" \/>\n<meta property=\"article:publisher\" content=\"https:\/\/www.facebook.com\/rocedoopula\/\" \/>\n<meta property=\"article:modified_time\" content=\"2026-04-22T11:56:59+00:00\" \/>\n<meta property=\"og:image\" content=\"https:\/\/roce.hr\/wp-content\/uploads\/2026\/02\/ta-400-191x300.webp\" \/>\n<meta name=\"twitter:card\" content=\"summary_large_image\" \/>\n<meta name=\"twitter:label1\" content=\"Estimated reading time\" \/>\n\t<meta name=\"twitter:data1\" content=\"1 minute\" \/>\n<script type=\"application\/ld+json\" class=\"yoast-schema-graph\">{\"@context\":\"https:\\\/\\\/schema.org\",\"@graph\":[{\"@type\":\"WebPage\",\"@id\":\"https:\\\/\\\/roce.hr\\\/zastupnistvo\\\/kruzne-pile-macc\\\/kruzne-pile-za-rezanje-obojenih-metala-reznom-plocom\\\/\",\"url\":\"https:\\\/\\\/roce.hr\\\/zastupnistvo\\\/kruzne-pile-macc\\\/kruzne-pile-za-rezanje-obojenih-metala-reznom-plocom\\\/\",\"name\":\"Kru\u017ena pila za rezanje obojenih metala reznom plo\u010dom - MACC\",\"isPartOf\":{\"@id\":\"https:\\\/\\\/roce.hr\\\/#website\"},\"primaryImageOfPage\":{\"@id\":\"https:\\\/\\\/roce.hr\\\/zastupnistvo\\\/kruzne-pile-macc\\\/kruzne-pile-za-rezanje-obojenih-metala-reznom-plocom\\\/#primaryimage\"},\"image\":{\"@id\":\"https:\\\/\\\/roce.hr\\\/zastupnistvo\\\/kruzne-pile-macc\\\/kruzne-pile-za-rezanje-obojenih-metala-reznom-plocom\\\/#primaryimage\"},\"thumbnailUrl\":\"https:\\\/\\\/roce.hr\\\/wp-content\\\/uploads\\\/2026\\\/02\\\/ta-400-191x300.webp\",\"datePublished\":\"2026-01-27T06:41:23+00:00\",\"dateModified\":\"2026-04-22T11:56:59+00:00\",\"description\":\"Rezanje\u00a0punih materijala i profila od aluminija i lakih legura, ru\u010dka s klinom za brzo pozicioniranje glave, zakretna glava, nagibna glava\",\"breadcrumb\":{\"@id\":\"https:\\\/\\\/roce.hr\\\/zastupnistvo\\\/kruzne-pile-macc\\\/kruzne-pile-za-rezanje-obojenih-metala-reznom-plocom\\\/#breadcrumb\"},\"inLanguage\":\"en-GB\",\"potentialAction\":[{\"@type\":\"ReadAction\",\"target\":[\"https:\\\/\\\/roce.hr\\\/zastupnistvo\\\/kruzne-pile-macc\\\/kruzne-pile-za-rezanje-obojenih-metala-reznom-plocom\\\/\"]}]},{\"@type\":\"ImageObject\",\"inLanguage\":\"en-GB\",\"@id\":\"https:\\\/\\\/roce.hr\\\/zastupnistvo\\\/kruzne-pile-macc\\\/kruzne-pile-za-rezanje-obojenih-metala-reznom-plocom\\\/#primaryimage\",\"url\":\"https:\\\/\\\/roce.hr\\\/wp-content\\\/uploads\\\/2026\\\/02\\\/ta-400-191x300.webp\",\"contentUrl\":\"https:\\\/\\\/roce.hr\\\/wp-content\\\/uploads\\\/2026\\\/02\\\/ta-400-191x300.webp\"},{\"@type\":\"BreadcrumbList\",\"@id\":\"https:\\\/\\\/roce.hr\\\/zastupnistvo\\\/kruzne-pile-macc\\\/kruzne-pile-za-rezanje-obojenih-metala-reznom-plocom\\\/#breadcrumb\",\"itemListElement\":[{\"@type\":\"ListItem\",\"position\":1,\"name\":\"Home\",\"item\":\"https:\\\/\\\/roce.hr\\\/\"},{\"@type\":\"ListItem\",\"position\":2,\"name\":\"Zastupni\u0161tvo\",\"item\":\"https:\\\/\\\/roce.hr\\\/zastupnistvo\\\/\"},{\"@type\":\"ListItem\",\"position\":3,\"name\":\"Kru\u017ene pile MACC\",\"item\":\"https:\\\/\\\/roce.hr\\\/zastupnistvo\\\/kruzne-pile-macc\\\/\"},{\"@type\":\"ListItem\",\"position\":4,\"name\":\"Rezanje obojenih metala reznom plo\u010dom\"}]},{\"@type\":\"WebSite\",\"@id\":\"https:\\\/\\\/roce.hr\\\/#website\",\"url\":\"https:\\\/\\\/roce.hr\\\/\",\"name\":\"roce\",\"description\":\"\",\"publisher\":{\"@id\":\"https:\\\/\\\/roce.hr\\\/#organization\"},\"potentialAction\":[{\"@type\":\"SearchAction\",\"target\":{\"@type\":\"EntryPoint\",\"urlTemplate\":\"https:\\\/\\\/roce.hr\\\/?s={search_term_string}\"},\"query-input\":{\"@type\":\"PropertyValueSpecification\",\"valueRequired\":true,\"valueName\":\"search_term_string\"}}],\"inLanguage\":\"en-GB\"},{\"@type\":\"Organization\",\"@id\":\"https:\\\/\\\/roce.hr\\\/#organization\",\"name\":\"ROCE d.o.o.\",\"url\":\"https:\\\/\\\/roce.hr\\\/\",\"logo\":{\"@type\":\"ImageObject\",\"inLanguage\":\"en-GB\",\"@id\":\"https:\\\/\\\/roce.hr\\\/#\\\/schema\\\/logo\\\/image\\\/\",\"url\":\"https:\\\/\\\/roce.hr\\\/wp-content\\\/uploads\\\/2026\\\/02\\\/7-DRVO.webp\",\"contentUrl\":\"https:\\\/\\\/roce.hr\\\/wp-content\\\/uploads\\\/2026\\\/02\\\/7-DRVO.webp\",\"width\":1000,\"height\":161,\"caption\":\"ROCE d.o.o.\"},\"image\":{\"@id\":\"https:\\\/\\\/roce.hr\\\/#\\\/schema\\\/logo\\\/image\\\/\"},\"sameAs\":[\"https:\\\/\\\/www.facebook.com\\\/rocedoopula\\\/\"]}]}<\/script>\n<!-- \/ Yoast SEO plugin. -->","yoast_head_json":{"title":"Kru\u017ena pila za rezanje obojenih metala reznom plo\u010dom - MACC","description":"Rezanje\u00a0punih materijala i profila od aluminija i lakih legura, ru\u010dka s klinom za brzo pozicioniranje glave, zakretna glava, nagibna glava","robots":{"index":"index","follow":"follow","max-snippet":"max-snippet:-1","max-image-preview":"max-image-preview:large","max-video-preview":"max-video-preview:-1"},"canonical":"https:\/\/roce.hr\/en\/zastupnistvo\/kruzne-pile-macc\/kruzne-pile-za-rezanje-obojenih-metala-reznom-plocom\/","og_locale":"en_GB","og_type":"article","og_title":"Kru\u017ena pila za rezanje obojenih metala reznom plo\u010dom - MACC","og_description":"Rezanje\u00a0punih materijala i profila od aluminija i lakih legura, ru\u010dka s klinom za brzo pozicioniranje glave, zakretna glava, nagibna glava","og_url":"https:\/\/roce.hr\/en\/zastupnistvo\/kruzne-pile-macc\/kruzne-pile-za-rezanje-obojenih-metala-reznom-plocom\/","og_site_name":"roce","article_publisher":"https:\/\/www.facebook.com\/rocedoopula\/","article_modified_time":"2026-04-22T11:56:59+00:00","og_image":[{"url":"https:\/\/roce.hr\/wp-content\/uploads\/2026\/02\/ta-400-191x300.webp","type":"","width":"","height":""}],"twitter_card":"summary_large_image","twitter_misc":{"Estimated reading time":"1 minute"},"schema":{"@context":"https:\/\/schema.org","@graph":[{"@type":"WebPage","@id":"https:\/\/roce.hr\/zastupnistvo\/kruzne-pile-macc\/kruzne-pile-za-rezanje-obojenih-metala-reznom-plocom\/","url":"https:\/\/roce.hr\/zastupnistvo\/kruzne-pile-macc\/kruzne-pile-za-rezanje-obojenih-metala-reznom-plocom\/","name":"Kru\u017ena pila za rezanje obojenih metala reznom plo\u010dom - MACC","isPartOf":{"@id":"https:\/\/roce.hr\/#website"},"primaryImageOfPage":{"@id":"https:\/\/roce.hr\/zastupnistvo\/kruzne-pile-macc\/kruzne-pile-za-rezanje-obojenih-metala-reznom-plocom\/#primaryimage"},"image":{"@id":"https:\/\/roce.hr\/zastupnistvo\/kruzne-pile-macc\/kruzne-pile-za-rezanje-obojenih-metala-reznom-plocom\/#primaryimage"},"thumbnailUrl":"https:\/\/roce.hr\/wp-content\/uploads\/2026\/02\/ta-400-191x300.webp","datePublished":"2026-01-27T06:41:23+00:00","dateModified":"2026-04-22T11:56:59+00:00","description":"Rezanje\u00a0punih materijala i profila od aluminija i lakih legura, ru\u010dka s klinom za brzo pozicioniranje glave, zakretna glava, nagibna glava","breadcrumb":{"@id":"https:\/\/roce.hr\/zastupnistvo\/kruzne-pile-macc\/kruzne-pile-za-rezanje-obojenih-metala-reznom-plocom\/#breadcrumb"},"inLanguage":"en-GB","potentialAction":[{"@type":"ReadAction","target":["https:\/\/roce.hr\/zastupnistvo\/kruzne-pile-macc\/kruzne-pile-za-rezanje-obojenih-metala-reznom-plocom\/"]}]},{"@type":"ImageObject","inLanguage":"en-GB","@id":"https:\/\/roce.hr\/zastupnistvo\/kruzne-pile-macc\/kruzne-pile-za-rezanje-obojenih-metala-reznom-plocom\/#primaryimage","url":"https:\/\/roce.hr\/wp-content\/uploads\/2026\/02\/ta-400-191x300.webp","contentUrl":"https:\/\/roce.hr\/wp-content\/uploads\/2026\/02\/ta-400-191x300.webp"},{"@type":"BreadcrumbList","@id":"https:\/\/roce.hr\/zastupnistvo\/kruzne-pile-macc\/kruzne-pile-za-rezanje-obojenih-metala-reznom-plocom\/#breadcrumb","itemListElement":[{"@type":"ListItem","position":1,"name":"Home","item":"https:\/\/roce.hr\/"},{"@type":"ListItem","position":2,"name":"Zastupni\u0161tvo","item":"https:\/\/roce.hr\/zastupnistvo\/"},{"@type":"ListItem","position":3,"name":"Kru\u017ene pile MACC","item":"https:\/\/roce.hr\/zastupnistvo\/kruzne-pile-macc\/"},{"@type":"ListItem","position":4,"name":"Rezanje obojenih metala reznom plo\u010dom"}]},{"@type":"WebSite","@id":"https:\/\/roce.hr\/#website","url":"https:\/\/roce.hr\/","name":"roce","description":"","publisher":{"@id":"https:\/\/roce.hr\/#organization"},"potentialAction":[{"@type":"SearchAction","target":{"@type":"EntryPoint","urlTemplate":"https:\/\/roce.hr\/?s={search_term_string}"},"query-input":{"@type":"PropertyValueSpecification","valueRequired":true,"valueName":"search_term_string"}}],"inLanguage":"en-GB"},{"@type":"Organization","@id":"https:\/\/roce.hr\/#organization","name":"ROCE d.o.o.","url":"https:\/\/roce.hr\/","logo":{"@type":"ImageObject","inLanguage":"en-GB","@id":"https:\/\/roce.hr\/#\/schema\/logo\/image\/","url":"https:\/\/roce.hr\/wp-content\/uploads\/2026\/02\/7-DRVO.webp","contentUrl":"https:\/\/roce.hr\/wp-content\/uploads\/2026\/02\/7-DRVO.webp","width":1000,"height":161,"caption":"ROCE d.o.o."},"image":{"@id":"https:\/\/roce.hr\/#\/schema\/logo\/image\/"},"sameAs":["https:\/\/www.facebook.com\/rocedoopula\/"]}]}},"uagb_featured_image_src":{"full":false,"thumbnail":false,"medium":false,"medium_large":false,"large":false,"1536x1536":false,"2048x2048":false,"trp-custom-language-flag":false},"uagb_author_info":{"display_name":"Straniceroce","author_link":"https:\/\/roce.hr\/en\/author\/straniceroce\/"},"uagb_comment_info":0,"uagb_excerpt":"Kru\u017ena pila MACC &#8211; Rezanje obojenih metala reznom plo\u010dom TA &#8211; 400","_links":{"self":[{"href":"https:\/\/roce.hr\/en\/wp-json\/wp\/v2\/pages\/162","targetHints":{"allow":["GET"]}}],"collection":[{"href":"https:\/\/roce.hr\/en\/wp-json\/wp\/v2\/pages"}],"about":[{"href":"https:\/\/roce.hr\/en\/wp-json\/wp\/v2\/types\/page"}],"author":[{"embeddable":true,"href":"https:\/\/roce.hr\/en\/wp-json\/wp\/v2\/users\/1"}],"replies":[{"embeddable":true,"href":"https:\/\/roce.hr\/en\/wp-json\/wp\/v2\/comments?post=162"}],"version-history":[{"count":3,"href":"https:\/\/roce.hr\/en\/wp-json\/wp\/v2\/pages\/162\/revisions"}],"predecessor-version":[{"id":4200,"href":"https:\/\/roce.hr\/en\/wp-json\/wp\/v2\/pages\/162\/revisions\/4200"}],"up":[{"embeddable":true,"href":"https:\/\/roce.hr\/en\/wp-json\/wp\/v2\/pages\/126"}],"wp:attachment":[{"href":"https:\/\/roce.hr\/en\/wp-json\/wp\/v2\/media?parent=162"}],"curies":[{"name":"wp","href":"https:\/\/api.w.org\/{rel}","templated":true}]}}