{"id":18,"date":"2026-01-21T12:50:03","date_gmt":"2026-01-21T12:50:03","guid":{"rendered":"http:\/\/localhost\/rocetest5\/?page_id=18"},"modified":"2026-03-18T13:55:35","modified_gmt":"2026-03-18T13:55:35","slug":"piljenje","status":"publish","type":"page","link":"https:\/\/roce.hr\/en\/piljenje\/","title":{"rendered":"Sawing"},"content":{"rendered":"<div class=\"wp-block-uagb-container uagb-block-355df85a alignfull uagb-is-root-container\"><div class=\"uagb-container-inner-blocks-wrap\">\n<div class=\"wp-block-uagb-advanced-heading uagb-block-6d3c8d51\"><h1 class=\"uagb-heading-text\">Sawing<\/h1><\/div>\n<\/div><\/div>\n\n\n\n<div class=\"wp-block-uagb-container uagb-block-98f3d4bf alignfull uagb-is-root-container\"><div class=\"uagb-container-inner-blocks-wrap\">\n<div class=\"wp-block-uagb-separator uagb-block-f507f00c\"><div class=\"wp-block-uagb-separator__inner\" style=\"--my-background-image:\"><\/div><\/div>\n<\/div><\/div>\n\n\n\n<div class=\"wp-block-uagb-container uagb-block-f30fc4f7 alignfull uagb-is-root-container\"><div class=\"uagb-container-inner-blocks-wrap\">\n<div class=\"wp-block-uagb-advanced-heading uagb-block-50508333\"><h2 class=\"uagb-heading-text\">TRA\u010cNE PILE<\/h2><\/div>\n<\/div><\/div>\n\n\n\n<div class=\"wp-block-uagb-container uagb-layout-grid uagb-block-a8e09693 alignfull uagb-is-root-container\"><div class=\"uagb-container-inner-blocks-wrap\">\n<div class=\"wp-block-uagb-container uagb-layout-grid uagb-block-bc975f0b\">\n<div class=\"wp-block-uagb-image aligncenter uagb-block-47db5755 wp-block-uagb-image--layout-default wp-block-uagb-image--effect-static wp-block-uagb-image--align-center\"><figure class=\"wp-block-uagb-image__figure\"><a class=\"\" href=\"https:\/\/roce.hr\/en\/zastupnistvo\/tracne-pile\/femi\/\" target=\"\" rel=\"noopener\"><img decoding=\"async\" srcset=\"https:\/\/roce.hr\/wp-content\/uploads\/2026\/02\/femi-300x289.webp ,https:\/\/roce.hr\/wp-content\/uploads\/2026\/02\/femi.webp 780w, https:\/\/roce.hr\/wp-content\/uploads\/2026\/02\/femi.webp 360w\" sizes=\"auto, (max-width: 480px) 150px\" src=\"https:\/\/roce.hr\/wp-content\/uploads\/2026\/02\/femi-300x289.webp\" alt=\"\" class=\"uag-image-955\" width=\"261\" height=\"251\" title=\"\" loading=\"lazy\" role=\"presentation\"\/><\/a><\/figure><\/div>\n\n\n\n<div class=\"wp-block-uagb-container uagb-block-0f1a3512\">\n<div class=\"wp-block-uagb-advanced-heading uagb-block-7e77ed0c\"><h3 class=\"uagb-heading-text\"><a href=\"https:\/\/roce.hr\/en\/zastupnistvo\/tracne-pile\/femi\/\" data-type=\"page\" data-id=\"116\">Prijenosne &#8211; S ru\u010dnim posmakom FEMI<\/a><\/h3><\/div>\n<\/div>\n<\/div>\n\n\n\n<div class=\"wp-block-uagb-container uagb-layout-grid uagb-block-0aaeb9b5\">\n<div class=\"wp-block-uagb-image aligncenter uagb-block-e8465a0f wp-block-uagb-image--layout-default wp-block-uagb-image--effect-static wp-block-uagb-image--align-center\"><figure class=\"wp-block-uagb-image__figure\"><a class=\"\" href=\"https:\/\/roce.hr\/en\/zastupnistvo\/tracne-pile\/macc\/rucno-upravljanje\/\" target=\"\" rel=\"noopener\"><img decoding=\"async\" srcset=\"https:\/\/roce.hr\/wp-content\/uploads\/2026\/02\/Macc-sp-280-M-227x300.webp ,https:\/\/roce.hr\/wp-content\/uploads\/2026\/02\/Macc-sp-280-M.webp 780w, https:\/\/roce.hr\/wp-content\/uploads\/2026\/02\/Macc-sp-280-M.webp 360w\" sizes=\"auto, (max-width: 480px) 150px\" src=\"https:\/\/roce.hr\/wp-content\/uploads\/2026\/02\/Macc-sp-280-M-227x300.webp\" alt=\"\" class=\"uag-image-869\" width=\"191\" height=\"252\" title=\"\" loading=\"lazy\" role=\"presentation\"\/><\/a><\/figure><\/div>\n\n\n\n<div class=\"wp-block-uagb-container uagb-block-3d4fe719\">\n<div class=\"wp-block-uagb-advanced-heading uagb-block-48a71027\"><h3 class=\"uagb-heading-text\"><a href=\"https:\/\/roce.hr\/en\/zastupnistvo\/tracne-pile\/macc\/rucno-upravljanje\/\" data-type=\"page\" data-id=\"164\">S ru\u010dnim posmakom MACC<\/a><\/h3><\/div>\n<\/div>\n<\/div>\n<\/div><\/div>\n\n\n\n<div class=\"wp-block-uagb-container uagb-layout-grid uagb-block-816c84ea alignfull uagb-is-root-container\"><div class=\"uagb-container-inner-blocks-wrap\">\n<div class=\"wp-block-uagb-container uagb-layout-grid uagb-block-eb454c7b\">\n<div class=\"wp-block-uagb-image aligncenter uagb-block-2659664e wp-block-uagb-image--layout-default wp-block-uagb-image--effect-static wp-block-uagb-image--align-center\"><figure class=\"wp-block-uagb-image__figure\"><a class=\"\" href=\"https:\/\/roce.hr\/en\/zastupnistvo\/tracne-pile\/macc\/rucno-upravljanje-uz-potporu-hidraulicke-kocnice\/\" target=\"\" rel=\"noopener\"><img decoding=\"async\" srcset=\"https:\/\/roce.hr\/wp-content\/uploads\/2026\/02\/macc-sp-320-CSO-229x300.webp ,https:\/\/roce.hr\/wp-content\/uploads\/2026\/02\/macc-sp-320-CSO.webp 780w, https:\/\/roce.hr\/wp-content\/uploads\/2026\/02\/macc-sp-320-CSO.webp 360w\" sizes=\"auto, (max-width: 480px) 150px\" src=\"https:\/\/roce.hr\/wp-content\/uploads\/2026\/02\/macc-sp-320-CSO-229x300.webp\" alt=\"\" class=\"uag-image-871\" width=\"194\" height=\"254\" title=\"\" loading=\"lazy\" role=\"presentation\"\/><\/a><\/figure><\/div>\n\n\n\n<div class=\"wp-block-uagb-container uagb-block-1b9437e7\">\n<div class=\"wp-block-uagb-advanced-heading uagb-block-48127281\"><h3 class=\"uagb-heading-text\"><a href=\"https:\/\/roce.hr\/en\/zastupnistvo\/tracne-pile\/macc\/rucno-upravljanje-uz-potporu-hidraulicke-kocnice\/\" data-type=\"page\" data-id=\"166\">S hidrauli\u010dkom ko\u010dnicom MACC<\/a><\/h3><\/div>\n<\/div>\n<\/div>\n\n\n\n<div class=\"wp-block-uagb-container uagb-layout-grid uagb-block-2178cbb0\">\n<div class=\"wp-block-uagb-image aligncenter uagb-block-f7822b17 wp-block-uagb-image--layout-default wp-block-uagb-image--effect-static wp-block-uagb-image--align-center\"><figure class=\"wp-block-uagb-image__figure\"><a class=\"\" href=\"https:\/\/roce.hr\/en\/zastupnistvo\/tracne-pile\/macc\/poluautomatsko-upravljanje\/\" target=\"\" rel=\"noopener\"><img decoding=\"async\" srcset=\"https:\/\/roce.hr\/wp-content\/uploads\/2026\/02\/Macc-390-A-1-300x247.webp ,https:\/\/roce.hr\/wp-content\/uploads\/2026\/02\/Macc-390-A-1.webp 780w, https:\/\/roce.hr\/wp-content\/uploads\/2026\/02\/Macc-390-A-1.webp 360w\" sizes=\"auto, (max-width: 480px) 150px\" src=\"https:\/\/roce.hr\/wp-content\/uploads\/2026\/02\/Macc-390-A-1-300x247.webp\" alt=\"\" class=\"uag-image-873\" width=\"300\" height=\"247\" title=\"\" loading=\"lazy\" role=\"presentation\"\/><\/a><\/figure><\/div>\n\n\n\n<div class=\"wp-block-uagb-container uagb-block-810fda38\">\n<div class=\"wp-block-uagb-advanced-heading uagb-block-d6b6b26b\"><h3 class=\"uagb-heading-text\"><a href=\"https:\/\/roce.hr\/en\/zastupnistvo\/tracne-pile\/macc\/poluautomatsko-upravljanje\/\" data-type=\"page\" data-id=\"146\">Poluautomatske MACC<\/a><\/h3><\/div>\n<\/div>\n<\/div>\n<\/div><\/div>\n\n\n\n<div class=\"wp-block-uagb-container uagb-layout-grid uagb-block-64ee0723 alignfull uagb-is-root-container\"><div class=\"uagb-container-inner-blocks-wrap\">\n<div class=\"wp-block-uagb-container uagb-layout-grid uagb-block-56a3ca27\">\n<div class=\"wp-block-uagb-image aligncenter uagb-block-c86f1841 wp-block-uagb-image--layout-default wp-block-uagb-image--effect-static wp-block-uagb-image--align-center\"><figure class=\"wp-block-uagb-image__figure\"><a class=\"\" href=\"https:\/\/roce.hr\/en\/zastupnistvo\/tracne-pile\/macc\/automatsko-upravljanje\/\" target=\"\" rel=\"noopener\"><img decoding=\"async\" srcset=\"https:\/\/roce.hr\/wp-content\/uploads\/2026\/02\/Macc-420-DI-1-300x257.webp ,https:\/\/roce.hr\/wp-content\/uploads\/2026\/02\/Macc-420-DI-1.webp 780w, https:\/\/roce.hr\/wp-content\/uploads\/2026\/02\/Macc-420-DI-1.webp 360w\" sizes=\"auto, (max-width: 480px) 150px\" src=\"https:\/\/roce.hr\/wp-content\/uploads\/2026\/02\/Macc-420-DI-1-300x257.webp\" alt=\"\" class=\"uag-image-874\" width=\"266\" height=\"228\" title=\"\" loading=\"lazy\" role=\"presentation\"\/><\/a><\/figure><\/div>\n\n\n\n<div class=\"wp-block-uagb-container uagb-block-b89ee101\">\n<div class=\"wp-block-uagb-advanced-heading uagb-block-fe45d7b3\"><h3 class=\"uagb-heading-text\"><a href=\"https:\/\/roce.hr\/en\/zastupnistvo\/tracne-pile\/macc\/automatsko-upravljanje\/\" data-type=\"page\" data-id=\"106\">Automatske MACC<\/a><\/h3><\/div>\n<\/div>\n<\/div>\n<\/div><\/div>\n\n\n\n<div class=\"wp-block-uagb-container uagb-block-aac44fb7 alignfull uagb-is-root-container\"><div class=\"uagb-container-inner-blocks-wrap\">\n<div class=\"wp-block-uagb-separator uagb-block-e6843500\"><div class=\"wp-block-uagb-separator__inner\" style=\"--my-background-image:\"><\/div><\/div>\n<\/div><\/div>\n\n\n\n<div class=\"wp-block-uagb-container uagb-block-59b5ea59 alignfull uagb-is-root-container\"><div class=\"uagb-container-inner-blocks-wrap\">\n<div class=\"wp-block-uagb-advanced-heading uagb-block-a22750d1\"><h2 class=\"uagb-heading-text\">KRU\u017dNE PILE<\/h2><\/div>\n<\/div><\/div>\n\n\n\n<div class=\"wp-block-uagb-container uagb-layout-grid uagb-block-c7d7d263 alignfull uagb-is-root-container\"><div class=\"uagb-container-inner-blocks-wrap\">\n<div class=\"wp-block-uagb-container uagb-layout-grid uagb-block-6e8f6e0f\">\n<div class=\"wp-block-uagb-image aligncenter uagb-block-0d363020 wp-block-uagb-image--layout-default wp-block-uagb-image--effect-static wp-block-uagb-image--align-center\"><figure class=\"wp-block-uagb-image__figure\"><a class=\"\" href=\"https:\/\/roce.hr\/en\/zastupnistvo\/kruzne-pile-macc\/rezanje-celika-reznom-plocom\/\" target=\"\" rel=\"noopener\"><img decoding=\"async\" srcset=\"https:\/\/roce.hr\/wp-content\/uploads\/2026\/02\/NEW-315-Macc-1-184x300.webp ,https:\/\/roce.hr\/wp-content\/uploads\/2026\/02\/NEW-315-Macc-1.webp 780w, https:\/\/roce.hr\/wp-content\/uploads\/2026\/02\/NEW-315-Macc-1.webp 360w\" sizes=\"auto, (max-width: 480px) 150px\" src=\"https:\/\/roce.hr\/wp-content\/uploads\/2026\/02\/NEW-315-Macc-1-184x300.webp\" alt=\"\" class=\"uag-image-1835\" width=\"174\" height=\"284\" title=\"\" loading=\"lazy\" role=\"presentation\"\/><\/a><\/figure><\/div>\n\n\n\n<div class=\"wp-block-uagb-container uagb-block-05e9e9ff\">\n<div class=\"wp-block-uagb-advanced-heading uagb-block-03b0422d\"><h3 class=\"uagb-heading-text\"><a href=\"https:\/\/roce.hr\/en\/zastupnistvo\/kruzne-pile-macc\/rezanje-celika-reznom-plocom\/\" data-type=\"page\" data-id=\"160\">Za rezanje \u010delika reznom plo\u010dom MACC<\/a><\/h3><\/div>\n<\/div>\n<\/div>\n\n\n\n<div class=\"wp-block-uagb-container uagb-layout-grid uagb-block-801be7f0\">\n<div class=\"wp-block-uagb-image aligncenter uagb-block-ebc2ed84 wp-block-uagb-image--layout-default wp-block-uagb-image--effect-static wp-block-uagb-image--align-center\"><figure class=\"wp-block-uagb-image__figure\"><a class=\"\" href=\"https:\/\/roce.hr\/en\/zastupnistvo\/kruzne-pile-macc\/rezanje-obojenih-metala-reznom-plocom\/\" target=\"\" rel=\"noopener\"><img decoding=\"async\" srcset=\"https:\/\/roce.hr\/wp-content\/uploads\/2026\/02\/TA-400-Macc-1-188x300.webp ,https:\/\/roce.hr\/wp-content\/uploads\/2026\/02\/TA-400-Macc-1.webp 780w, https:\/\/roce.hr\/wp-content\/uploads\/2026\/02\/TA-400-Macc-1.webp 360w\" sizes=\"auto, (max-width: 480px) 150px\" src=\"https:\/\/roce.hr\/wp-content\/uploads\/2026\/02\/TA-400-Macc-1-188x300.webp\" alt=\"\" class=\"uag-image-1836\" width=\"184\" height=\"294\" title=\"\" loading=\"lazy\" role=\"presentation\"\/><\/a><\/figure><\/div>\n\n\n\n<div class=\"wp-block-uagb-container uagb-block-16da223d\">\n<div class=\"wp-block-uagb-advanced-heading uagb-block-f844f172\"><h3 class=\"uagb-heading-text\"><a href=\"https:\/\/roce.hr\/en\/zastupnistvo\/kruzne-pile-macc\/rezanje-obojenih-metala-reznom-plocom\/\" data-type=\"page\" data-id=\"162\">Za rezanje obojenih metala reznom plo\u010dom MACC<\/a><\/h3><\/div>\n<\/div>\n<\/div>\n<\/div><\/div>\n\n\n\n<div class=\"wp-block-uagb-container uagb-layout-grid uagb-block-887cd261 alignfull uagb-is-root-container\"><div class=\"uagb-container-inner-blocks-wrap\">\n<div class=\"wp-block-uagb-container uagb-layout-grid uagb-block-4d2cf93d\">\n<div class=\"wp-block-uagb-image aligncenter uagb-block-cdda56a9 wp-block-uagb-image--layout-default wp-block-uagb-image--effect-static wp-block-uagb-image--align-center\"><figure class=\"wp-block-uagb-image__figure\"><a class=\"\" href=\"https:\/\/roce.hr\/en\/zastupnistvo\/kruzne-pile-macc\/rezanje-celika-abrazivnom-plocom\/\" target=\"\" rel=\"noopener\"><img decoding=\"async\" srcset=\"https:\/\/roce.hr\/wp-content\/uploads\/2026\/02\/TV-300-TV-350-Macc-1-171x300.webp ,https:\/\/roce.hr\/wp-content\/uploads\/2026\/02\/TV-300-TV-350-Macc-1.webp 780w, https:\/\/roce.hr\/wp-content\/uploads\/2026\/02\/TV-300-TV-350-Macc-1.webp 360w\" sizes=\"auto, (max-width: 480px) 150px\" src=\"https:\/\/roce.hr\/wp-content\/uploads\/2026\/02\/TV-300-TV-350-Macc-1-171x300.webp\" alt=\"\" class=\"uag-image-1837\" width=\"171\" height=\"300\" title=\"\" loading=\"lazy\" role=\"presentation\"\/><\/a><\/figure><\/div>\n\n\n\n<div class=\"wp-block-uagb-container uagb-block-f848437e\">\n<div class=\"wp-block-uagb-advanced-heading uagb-block-ac22d925\"><h3 class=\"uagb-heading-text\"><a href=\"https:\/\/roce.hr\/en\/zastupnistvo\/kruzne-pile-macc\/rezanje-celika-abrazivnom-plocom\/\" data-type=\"page\" data-id=\"158\">Za rezanje \u010delika abrazivnom plo\u010dom MACC <\/a><\/h3><\/div>\n<\/div>\n<\/div>\n<\/div><\/div>\n\n\n\n<div class=\"wp-block-uagb-container uagb-block-766bf053 alignfull uagb-is-root-container\"><div class=\"uagb-container-inner-blocks-wrap\">\n<div class=\"wp-block-uagb-separator uagb-block-9a0f7f10\"><div class=\"wp-block-uagb-separator__inner\" style=\"--my-background-image:\"><\/div><\/div>\n<\/div><\/div>\n\n\n\n<div class=\"wp-block-uagb-container uagb-block-08f863d4 alignfull uagb-is-root-container\"><div class=\"uagb-container-inner-blocks-wrap\">\n<div class=\"wp-block-uagb-advanced-heading uagb-block-ba197992\"><h2 class=\"uagb-heading-text\">VERTIKALNA KRU\u017dNA PILA<\/h2><\/div>\n<\/div><\/div>\n\n\n\n<div class=\"wp-block-uagb-container uagb-layout-grid uagb-block-767c5d0e alignfull uagb-is-root-container\"><div class=\"uagb-container-inner-blocks-wrap\">\n<div class=\"wp-block-uagb-container uagb-layout-grid uagb-block-f6315a5e\">\n<div class=\"wp-block-uagb-image aligncenter uagb-block-8702e629 wp-block-uagb-image--layout-default wp-block-uagb-image--effect-static wp-block-uagb-image--align-center\"><figure class=\"wp-block-uagb-image__figure\"><a class=\"\" href=\"https:\/\/roce.hr\/en\/zastupnistvo\/vertikalna-kruzna-pila\/\" target=\"\" rel=\"noopener\"><img decoding=\"async\" srcset=\"https:\/\/roce.hr\/wp-content\/uploads\/2026\/02\/NTM-350-S-vertikalna-macc-254x300.webp ,https:\/\/roce.hr\/wp-content\/uploads\/2026\/02\/NTM-350-S-vertikalna-macc.webp 780w, https:\/\/roce.hr\/wp-content\/uploads\/2026\/02\/NTM-350-S-vertikalna-macc.webp 360w\" sizes=\"auto, (max-width: 480px) 150px\" src=\"https:\/\/roce.hr\/wp-content\/uploads\/2026\/02\/NTM-350-S-vertikalna-macc-254x300.webp\" alt=\"\" class=\"uag-image-1431\" width=\"198\" height=\"234\" title=\"\" loading=\"lazy\" role=\"presentation\"\/><\/a><\/figure><\/div>\n\n\n\n<div class=\"wp-block-uagb-container uagb-block-96da6b38\">\n<div class=\"wp-block-uagb-advanced-heading uagb-block-b2a551c8\"><h3 class=\"uagb-heading-text\"><a href=\"https:\/\/roce.hr\/en\/zastupnistvo\/vertikalna-kruzna-pila\/\" data-type=\"page\" data-id=\"184\">Za rezanje \u010delika reznom plo\u010dom<\/a><\/h3><\/div>\n<\/div>\n<\/div>\n<\/div><\/div>\n\n\n\n<div class=\"wp-block-uagb-container uagb-block-ede0ac9b alignfull uagb-is-root-container\"><div class=\"uagb-container-inner-blocks-wrap\">\n<div class=\"wp-block-uagb-separator uagb-block-63867bcc\"><div class=\"wp-block-uagb-separator__inner\" style=\"--my-background-image:\"><\/div><\/div>\n<\/div><\/div>\n\n\n\n<div class=\"wp-block-uagb-container uagb-block-716ade2b alignfull uagb-is-root-container\"><div class=\"uagb-container-inner-blocks-wrap\"><\/div><\/div>\n\n\n\n<p><\/p>","protected":false},"excerpt":{"rendered":"<p>Piljenje TRA\u010cNE PILE Prijenosne &#8211; S ru\u010dnim posmakom FEMI S ru\u010dnim posmakom MACC S hidrauli\u010dkom ko\u010dnicom MACC Poluautomatske MACC Automatske MACC KRU\u017dNE PILE Za rezanje \u010delika reznom plo\u010dom MACC Za rezanje obojenih metala reznom plo\u010dom MACC Za rezanje \u010delika abrazivnom plo\u010dom MACC VERTIKALNA KRU\u017dNA PILA Za rezanje \u010delika reznom plo\u010dom<\/p>","protected":false},"author":1,"featured_media":0,"parent":0,"menu_order":0,"comment_status":"closed","ping_status":"closed","template":"roce","meta":{"_uag_custom_page_level_css":"","footnotes":""},"class_list":["post-18","page","type-page","status-publish","hentry"],"yoast_head":"<!-- This site is optimized with the Yoast SEO plugin v27.3 - https:\/\/yoast.com\/product\/yoast-seo-wordpress\/ -->\n<title>Piljenje - Tra\u010dne pile - NEBES - MACC - Kru\u017ene pile - Roce<\/title>\n<meta name=\"description\" content=\"Piljenje - Tra\u010dne pile - NEBES - MACC - Prijenosne - S hidrauli\u010dkom ko\u010dnicom - Poluautomatske - Automatske - Kru\u017ene pile - Roce\" \/>\n<meta name=\"robots\" content=\"index, follow, max-snippet:-1, max-image-preview:large, max-video-preview:-1\" \/>\n<link rel=\"canonical\" href=\"https:\/\/roce.hr\/en\/piljenje\/\" \/>\n<meta property=\"og:locale\" content=\"en_GB\" \/>\n<meta property=\"og:type\" content=\"article\" \/>\n<meta property=\"og:title\" content=\"Piljenje - Tra\u010dne pile - NEBES - MACC - Kru\u017ene pile - Roce\" \/>\n<meta property=\"og:description\" content=\"Piljenje - Tra\u010dne pile - NEBES - MACC - Prijenosne - S hidrauli\u010dkom ko\u010dnicom - Poluautomatske - Automatske - Kru\u017ene pile - Roce\" \/>\n<meta property=\"og:url\" content=\"https:\/\/roce.hr\/en\/piljenje\/\" \/>\n<meta property=\"og:site_name\" content=\"roce\" \/>\n<meta property=\"article:publisher\" content=\"https:\/\/www.facebook.com\/rocedoopula\/\" \/>\n<meta property=\"article:modified_time\" content=\"2026-03-18T13:55:35+00:00\" \/>\n<meta property=\"og:image\" content=\"https:\/\/roce.hr\/wp-content\/uploads\/2026\/02\/femi-300x289.webp\" \/>\n<meta name=\"twitter:card\" content=\"summary_large_image\" \/>\n<script type=\"application\/ld+json\" class=\"yoast-schema-graph\">{\"@context\":\"https:\\\/\\\/schema.org\",\"@graph\":[{\"@type\":\"WebPage\",\"@id\":\"https:\\\/\\\/roce.hr\\\/piljenje\\\/\",\"url\":\"https:\\\/\\\/roce.hr\\\/piljenje\\\/\",\"name\":\"Piljenje - Tra\u010dne pile - NEBES - MACC - Kru\u017ene pile - Roce\",\"isPartOf\":{\"@id\":\"https:\\\/\\\/roce.hr\\\/#website\"},\"primaryImageOfPage\":{\"@id\":\"https:\\\/\\\/roce.hr\\\/piljenje\\\/#primaryimage\"},\"image\":{\"@id\":\"https:\\\/\\\/roce.hr\\\/piljenje\\\/#primaryimage\"},\"thumbnailUrl\":\"https:\\\/\\\/roce.hr\\\/wp-content\\\/uploads\\\/2026\\\/02\\\/femi-300x289.webp\",\"datePublished\":\"2026-01-21T12:50:03+00:00\",\"dateModified\":\"2026-03-18T13:55:35+00:00\",\"description\":\"Piljenje - Tra\u010dne pile - NEBES - MACC - Prijenosne - S hidrauli\u010dkom ko\u010dnicom - Poluautomatske - Automatske - Kru\u017ene pile - Roce\",\"breadcrumb\":{\"@id\":\"https:\\\/\\\/roce.hr\\\/piljenje\\\/#breadcrumb\"},\"inLanguage\":\"en-GB\",\"potentialAction\":[{\"@type\":\"ReadAction\",\"target\":[\"https:\\\/\\\/roce.hr\\\/piljenje\\\/\"]}]},{\"@type\":\"ImageObject\",\"inLanguage\":\"en-GB\",\"@id\":\"https:\\\/\\\/roce.hr\\\/piljenje\\\/#primaryimage\",\"url\":\"https:\\\/\\\/roce.hr\\\/wp-content\\\/uploads\\\/2026\\\/02\\\/femi-300x289.webp\",\"contentUrl\":\"https:\\\/\\\/roce.hr\\\/wp-content\\\/uploads\\\/2026\\\/02\\\/femi-300x289.webp\"},{\"@type\":\"BreadcrumbList\",\"@id\":\"https:\\\/\\\/roce.hr\\\/piljenje\\\/#breadcrumb\",\"itemListElement\":[{\"@type\":\"ListItem\",\"position\":1,\"name\":\"Home\",\"item\":\"https:\\\/\\\/roce.hr\\\/\"},{\"@type\":\"ListItem\",\"position\":2,\"name\":\"Piljenje\"}]},{\"@type\":\"WebSite\",\"@id\":\"https:\\\/\\\/roce.hr\\\/#website\",\"url\":\"https:\\\/\\\/roce.hr\\\/\",\"name\":\"roce\",\"description\":\"\",\"publisher\":{\"@id\":\"https:\\\/\\\/roce.hr\\\/#organization\"},\"potentialAction\":[{\"@type\":\"SearchAction\",\"target\":{\"@type\":\"EntryPoint\",\"urlTemplate\":\"https:\\\/\\\/roce.hr\\\/?s={search_term_string}\"},\"query-input\":{\"@type\":\"PropertyValueSpecification\",\"valueRequired\":true,\"valueName\":\"search_term_string\"}}],\"inLanguage\":\"en-GB\"},{\"@type\":\"Organization\",\"@id\":\"https:\\\/\\\/roce.hr\\\/#organization\",\"name\":\"ROCE d.o.o.\",\"url\":\"https:\\\/\\\/roce.hr\\\/\",\"logo\":{\"@type\":\"ImageObject\",\"inLanguage\":\"en-GB\",\"@id\":\"https:\\\/\\\/roce.hr\\\/#\\\/schema\\\/logo\\\/image\\\/\",\"url\":\"https:\\\/\\\/roce.hr\\\/wp-content\\\/uploads\\\/2026\\\/02\\\/7-DRVO.webp\",\"contentUrl\":\"https:\\\/\\\/roce.hr\\\/wp-content\\\/uploads\\\/2026\\\/02\\\/7-DRVO.webp\",\"width\":1000,\"height\":161,\"caption\":\"ROCE d.o.o.\"},\"image\":{\"@id\":\"https:\\\/\\\/roce.hr\\\/#\\\/schema\\\/logo\\\/image\\\/\"},\"sameAs\":[\"https:\\\/\\\/www.facebook.com\\\/rocedoopula\\\/\"]}]}<\/script>\n<!-- \/ Yoast SEO plugin. -->","yoast_head_json":{"title":"Piljenje - Tra\u010dne pile - NEBES - MACC - Kru\u017ene pile - Roce","description":"Piljenje - Tra\u010dne pile - NEBES - MACC - Prijenosne - S hidrauli\u010dkom ko\u010dnicom - Poluautomatske - Automatske - Kru\u017ene pile - Roce","robots":{"index":"index","follow":"follow","max-snippet":"max-snippet:-1","max-image-preview":"max-image-preview:large","max-video-preview":"max-video-preview:-1"},"canonical":"https:\/\/roce.hr\/en\/piljenje\/","og_locale":"en_GB","og_type":"article","og_title":"Piljenje - Tra\u010dne pile - NEBES - MACC - Kru\u017ene pile - Roce","og_description":"Piljenje - Tra\u010dne pile - NEBES - MACC - Prijenosne - S hidrauli\u010dkom ko\u010dnicom - Poluautomatske - Automatske - Kru\u017ene pile - Roce","og_url":"https:\/\/roce.hr\/en\/piljenje\/","og_site_name":"roce","article_publisher":"https:\/\/www.facebook.com\/rocedoopula\/","article_modified_time":"2026-03-18T13:55:35+00:00","og_image":[{"url":"https:\/\/roce.hr\/wp-content\/uploads\/2026\/02\/femi-300x289.webp","type":"","width":"","height":""}],"twitter_card":"summary_large_image","schema":{"@context":"https:\/\/schema.org","@graph":[{"@type":"WebPage","@id":"https:\/\/roce.hr\/piljenje\/","url":"https:\/\/roce.hr\/piljenje\/","name":"Piljenje - Tra\u010dne pile - NEBES - MACC - Kru\u017ene pile - Roce","isPartOf":{"@id":"https:\/\/roce.hr\/#website"},"primaryImageOfPage":{"@id":"https:\/\/roce.hr\/piljenje\/#primaryimage"},"image":{"@id":"https:\/\/roce.hr\/piljenje\/#primaryimage"},"thumbnailUrl":"https:\/\/roce.hr\/wp-content\/uploads\/2026\/02\/femi-300x289.webp","datePublished":"2026-01-21T12:50:03+00:00","dateModified":"2026-03-18T13:55:35+00:00","description":"Piljenje - Tra\u010dne pile - NEBES - MACC - Prijenosne - S hidrauli\u010dkom ko\u010dnicom - Poluautomatske - Automatske - Kru\u017ene pile - Roce","breadcrumb":{"@id":"https:\/\/roce.hr\/piljenje\/#breadcrumb"},"inLanguage":"en-GB","potentialAction":[{"@type":"ReadAction","target":["https:\/\/roce.hr\/piljenje\/"]}]},{"@type":"ImageObject","inLanguage":"en-GB","@id":"https:\/\/roce.hr\/piljenje\/#primaryimage","url":"https:\/\/roce.hr\/wp-content\/uploads\/2026\/02\/femi-300x289.webp","contentUrl":"https:\/\/roce.hr\/wp-content\/uploads\/2026\/02\/femi-300x289.webp"},{"@type":"BreadcrumbList","@id":"https:\/\/roce.hr\/piljenje\/#breadcrumb","itemListElement":[{"@type":"ListItem","position":1,"name":"Home","item":"https:\/\/roce.hr\/"},{"@type":"ListItem","position":2,"name":"Piljenje"}]},{"@type":"WebSite","@id":"https:\/\/roce.hr\/#website","url":"https:\/\/roce.hr\/","name":"roce","description":"","publisher":{"@id":"https:\/\/roce.hr\/#organization"},"potentialAction":[{"@type":"SearchAction","target":{"@type":"EntryPoint","urlTemplate":"https:\/\/roce.hr\/?s={search_term_string}"},"query-input":{"@type":"PropertyValueSpecification","valueRequired":true,"valueName":"search_term_string"}}],"inLanguage":"en-GB"},{"@type":"Organization","@id":"https:\/\/roce.hr\/#organization","name":"ROCE d.o.o.","url":"https:\/\/roce.hr\/","logo":{"@type":"ImageObject","inLanguage":"en-GB","@id":"https:\/\/roce.hr\/#\/schema\/logo\/image\/","url":"https:\/\/roce.hr\/wp-content\/uploads\/2026\/02\/7-DRVO.webp","contentUrl":"https:\/\/roce.hr\/wp-content\/uploads\/2026\/02\/7-DRVO.webp","width":1000,"height":161,"caption":"ROCE d.o.o."},"image":{"@id":"https:\/\/roce.hr\/#\/schema\/logo\/image\/"},"sameAs":["https:\/\/www.facebook.com\/rocedoopula\/"]}]}},"uagb_featured_image_src":{"full":false,"thumbnail":false,"medium":false,"medium_large":false,"large":false,"1536x1536":false,"2048x2048":false,"trp-custom-language-flag":false},"uagb_author_info":{"display_name":"Straniceroce","author_link":"https:\/\/roce.hr\/en\/author\/straniceroce\/"},"uagb_comment_info":0,"uagb_excerpt":"Piljenje TRA\u010cNE PILE Prijenosne &#8211; S ru\u010dnim posmakom FEMI S ru\u010dnim posmakom MACC S hidrauli\u010dkom ko\u010dnicom MACC Poluautomatske MACC Automatske MACC KRU\u017dNE PILE Za rezanje \u010delika reznom plo\u010dom MACC Za rezanje obojenih metala reznom plo\u010dom MACC Za rezanje \u010delika abrazivnom plo\u010dom MACC VERTIKALNA KRU\u017dNA PILA Za rezanje \u010delika reznom plo\u010dom","_links":{"self":[{"href":"https:\/\/roce.hr\/en\/wp-json\/wp\/v2\/pages\/18","targetHints":{"allow":["GET"]}}],"collection":[{"href":"https:\/\/roce.hr\/en\/wp-json\/wp\/v2\/pages"}],"about":[{"href":"https:\/\/roce.hr\/en\/wp-json\/wp\/v2\/types\/page"}],"author":[{"embeddable":true,"href":"https:\/\/roce.hr\/en\/wp-json\/wp\/v2\/users\/1"}],"replies":[{"embeddable":true,"href":"https:\/\/roce.hr\/en\/wp-json\/wp\/v2\/comments?post=18"}],"version-history":[{"count":0,"href":"https:\/\/roce.hr\/en\/wp-json\/wp\/v2\/pages\/18\/revisions"}],"wp:attachment":[{"href":"https:\/\/roce.hr\/en\/wp-json\/wp\/v2\/media?parent=18"}],"curies":[{"name":"wp","href":"https:\/\/api.w.org\/{rel}","templated":true}]}}