{"id":184,"date":"2026-01-27T07:01:11","date_gmt":"2026-01-27T07:01:11","guid":{"rendered":"http:\/\/localhost\/rocetest5\/?page_id=184"},"modified":"2026-03-14T09:31:32","modified_gmt":"2026-03-14T09:31:32","slug":"vertikalna-kruzna-pila","status":"publish","type":"page","link":"https:\/\/roce.hr\/en\/zastupnistvo\/vertikalna-kruzna-pila\/","title":{"rendered":"Vertical cutting off machines"},"content":{"rendered":"<div class=\"wp-block-uagb-container uagb-block-355df85a alignfull uagb-is-root-container\"><div class=\"uagb-container-inner-blocks-wrap\">\n<div class=\"wp-block-uagb-advanced-heading uagb-block-6d3c8d51\"><h1 class=\"uagb-heading-text\">Vertikalna kru\u017ena pila za rezanje \u010delika reznom plo\u010dom<\/h1><\/div>\n<\/div><\/div>\n\n\n\n<div class=\"wp-block-uagb-container uagb-block-1a99b3af alignfull uagb-is-root-container\"><div class=\"uagb-container-inner-blocks-wrap\">\n<div class=\"wp-block-uagb-separator uagb-block-86536ec2\"><div class=\"wp-block-uagb-separator__inner\" style=\"--my-background-image:\"><\/div><\/div>\n<\/div><\/div>\n\n\n\n<div class=\"wp-block-uagb-container uagb-layout-flex uagb-block-edcfc135 alignfull uagb-is-root-container\"><div class=\"uagb-container-inner-blocks-wrap\">\n<div class=\"wp-block-uagb-container uagb-block-ea59159b\">\n<div class=\"wp-block-uagb-advanced-heading uagb-block-ca5705ee\"><h3 class=\"uagb-heading-text\"> MACC NTM 350 S<\/h3><\/div>\n\n\n\n<div class=\"wp-block-uagb-modal uagb-block-20cb813b uagb-modal-wrapper\" data-escpress=\"enable\" data-overlayclick=\"enable\"><img decoding=\"async\" src=\"https:\/\/roce.hr\/wp-content\/uploads\/2026\/02\/NTM-350-S-241x300.webp\" alt=\"\" class=\"uagb-modal-trigger\" width=\"241\" height=\"300\" loading=\"lazy\"\/><div class=\"uagb-effect-default uagb-modal-popup uagb-block-20cb813b uagb-modal-type-undefined\"><div class=\"uagb-modal-popup-wrap\"><div class=\"uagb-modal-popup-content\">\n<div class=\"wp-block-uagb-info-box uagb-block-78940d7c uagb-infobox__content-wrap  uagb-infobox-icon-above-title uagb-infobox-image-valign-top wp-block-uagb-info-box--has-margin\"><div class=\"uagb-infobox-margin-wrapper\"><div class=\"uagb-ifb-content\"><div class=\"uagb-ifb-title-wrap\"><\/div><\/div><\/div><\/div>\n\n\n\n<div class=\"wp-block-uagb-image aligncenter uagb-block-e0685c4a wp-block-uagb-image--layout-default wp-block-uagb-image--effect-static wp-block-uagb-image--align-center\"><figure class=\"wp-block-uagb-image__figure\"><img decoding=\"async\" srcset=\"https:\/\/roce.hr\/wp-content\/uploads\/2026\/02\/NTM-350-S.webp ,https:\/\/roce.hr\/wp-content\/uploads\/2026\/02\/NTM-350-S.webp 780w, https:\/\/roce.hr\/wp-content\/uploads\/2026\/02\/NTM-350-S.webp 360w\" sizes=\"auto, (max-width: 480px) 150px\" src=\"https:\/\/roce.hr\/wp-content\/uploads\/2026\/02\/NTM-350-S.webp\" alt=\"\" class=\"uag-image-969\" width=\"590\" height=\"735\" title=\"\" loading=\"lazy\" role=\"presentation\"\/><\/figure><\/div>\n<\/div><button class=\"uagb-modal-popup-close\" aria-label=\"Close Modal\"><svg xmlns=\"https:\/\/www.w3.org\/2000\/svg\" viewbox=\"0 0 320 512\"><path d=\"M310.6 361.4c12.5 12.5 12.5 32.75 0 45.25C304.4 412.9 296.2 416 288 416s-16.38-3.125-22.62-9.375L160 301.3L54.63 406.6C48.38 412.9 40.19 416 32 416S15.63 412.9 9.375 406.6c-12.5-12.5-12.5-32.75 0-45.25l105.4-105.4L9.375 150.6c-12.5-12.5-12.5-32.75 0-45.25s32.75-12.5 45.25 0L160 210.8l105.4-105.4c12.5-12.5 32.75-12.5 45.25 0s12.5 32.75 0 45.25l-105.4 105.4L310.6 361.4z\"><\/path><\/svg><\/button><\/div><\/div><\/div>\n\n\n\n<div class=\"wp-block-uagb-tabs uagb-block-d97e0341 uagb-tabs__wrap uagb-tabs__hstyle1-desktop uagb-tabs__hstyle5-tablet uagb-tabs__stack1-mobile\" data-tab-active=\"0\"><ul class=\"uagb-tabs__panel uagb-tabs__align-center\" role=\"tablist\"><li class=\"uagb-tab uagb-tabs__active\" role=\"none\"><a href=\"#uagb-tabs__tab0\" class=\"uagb-tabs-list uagb-tabs__icon-position-left\" data-tab=\"0\" role=\"tab\"><div>Machine description<\/div><\/a><\/li><li class=\"uagb-tab\" role=\"none\"><a href=\"#uagb-tabs__tab1\" class=\"uagb-tabs-list uagb-tabs__icon-position-left\" data-tab=\"1\" role=\"tab\"><div>Technical specifications<\/div><\/a><\/li><\/ul><div class=\"uagb-tabs__body-wrap\">\n<div class=\"wp-block-uagb-tabs-child uagb-tabs__body-container uagb-inner-tab-0\" aria-labelledby=\"uagb-tabs__tab0\">\n<ul style=\"color:#2b2e34\" class=\"wp-block-list has-text-color has-link-color wp-elements-bd97c607e5f2f628b27eb6f0cfaa91d1\">\n<li>Zakretna glava 45\u00b0 u lijevu i 45\u00b0 u desnu stranu<\/li>\n\n\n\n<li>Grani\u010dnici okretne glave 45\u00b0 \u2013 0\u00b0 \u2013 45\u00b0 -60\u00b0<\/li>\n\n\n\n<li>Hidrauli\u010dno i ru\u010dno stezanje \u0161kripa<\/li>\n\n\n\n<li>Razdjelnik mlaza rashladne teku\u0107ine za obostrano podmazivanje reznog diska<\/li>\n\n\n\n<li>\u010cista\u010d reznog diska<\/li>\n\n\n\n<li>Podesivi grani\u010dnici za okomiti hod glave<\/li>\n\n\n\n<li>Limeno postolje<\/li>\n\n\n\n<li>Ulazna valjna staza<\/li>\n\n\n\n<li>Podesivi grani\u010dnik<\/li>\n\n\n\n<li>Regulator brzine spu\u0161tanja rezne glave<\/li>\n\n\n\n<li>Mogu\u0107nost uklanjanja \u0161kripa, montiranje naprava i alata po potrebi i korisnika<\/li>\n\n\n\n<li>Dvije brzine rezanja<\/li>\n\n\n\n<li>Na\u010din rada; pokretanje ciklusa rezanja pomo\u0107u dvostrukog gumba za pokretanje. Tijekom ciklusa stroj obavlja slijede\u0107e radnje:\n<ol class=\"wp-block-list\">\n<li>zatvara \u0161kripac i aktivira elektromotor reznog diska<\/li>\n\n\n\n<li>spu\u0161ta reznu glavu<\/li>\n\n\n\n<li>zaustavlja elektromotor i vra\u0107a reznu glavu u po\u010detni polo\u017eaj<\/li>\n\n\n\n<li>otvara \u0161kripac<\/li>\n<\/ol>\n<\/li>\n<\/ul>\n<\/div>\n\n\n\n<div class=\"wp-block-uagb-tabs-child uagb-tabs__body-container uagb-inner-tab-1\" aria-labelledby=\"uagb-tabs__tab1\">\n<div class=\"wp-block-uagb-modal uagb-block-5816a128 uagb-modal-wrapper\" data-escpress=\"enable\" data-overlayclick=\"enable\"><img decoding=\"async\" src=\"https:\/\/roce.hr\/wp-content\/uploads\/2026\/02\/NTM-350-S-tablica-s-tehnickim-podacima-300x163.webp\" alt=\"\" class=\"uagb-modal-trigger\" width=\"300\" height=\"163\" loading=\"lazy\"\/><div class=\"uagb-effect-default uagb-modal-popup uagb-block-5816a128 uagb-modal-type-undefined\"><div class=\"uagb-modal-popup-wrap\"><div class=\"uagb-modal-popup-content\">\n<div class=\"wp-block-uagb-info-box uagb-block-1c02941d uagb-infobox__content-wrap  uagb-infobox-icon-above-title uagb-infobox-image-valign-top wp-block-uagb-info-box--has-margin\"><div class=\"uagb-infobox-margin-wrapper\"><div class=\"uagb-ifb-content\"><div class=\"uagb-ifb-title-wrap\"><\/div><\/div><\/div><\/div>\n\n\n\n<div class=\"wp-block-uagb-image uagb-block-9f299d42 wp-block-uagb-image--layout-default wp-block-uagb-image--effect-static wp-block-uagb-image--align-none\"><figure class=\"wp-block-uagb-image__figure\"><img decoding=\"async\" srcset=\"https:\/\/roce.hr\/wp-content\/uploads\/2026\/02\/NTM-350-S-tablica-s-tehnickim-podacima-1024x558.webp ,https:\/\/roce.hr\/wp-content\/uploads\/2026\/02\/NTM-350-S-tablica-s-tehnickim-podacima.webp 780w, https:\/\/roce.hr\/wp-content\/uploads\/2026\/02\/NTM-350-S-tablica-s-tehnickim-podacima.webp 360w\" sizes=\"auto, (max-width: 480px) 150px\" src=\"https:\/\/roce.hr\/wp-content\/uploads\/2026\/02\/NTM-350-S-tablica-s-tehnickim-podacima-1024x558.webp\" alt=\"\" class=\"uag-image-965\" width=\"1024\" height=\"558\" title=\"\" loading=\"lazy\" role=\"presentation\"\/><\/figure><\/div>\n<\/div><button class=\"uagb-modal-popup-close\" aria-label=\"Close Modal\"><svg xmlns=\"https:\/\/www.w3.org\/2000\/svg\" viewbox=\"0 0 320 512\"><path d=\"M310.6 361.4c12.5 12.5 12.5 32.75 0 45.25C304.4 412.9 296.2 416 288 416s-16.38-3.125-22.62-9.375L160 301.3L54.63 406.6C48.38 412.9 40.19 416 32 416S15.63 412.9 9.375 406.6c-12.5-12.5-12.5-32.75 0-45.25l105.4-105.4L9.375 150.6c-12.5-12.5-12.5-32.75 0-45.25s32.75-12.5 45.25 0L160 210.8l105.4-105.4c12.5-12.5 32.75-12.5 45.25 0s12.5 32.75 0 45.25l-105.4 105.4L310.6 361.4z\"><\/path><\/svg><\/button><\/div><\/div><\/div>\n<\/div>\n<\/div><\/div>\n<\/div>\n<\/div><\/div>\n\n\n\n<div class=\"wp-block-uagb-container uagb-block-2824dc1f alignfull uagb-is-root-container\"><div class=\"uagb-container-inner-blocks-wrap\">\n<div class=\"wp-block-uagb-separator uagb-block-15a97577\"><div class=\"wp-block-uagb-separator__inner\" style=\"--my-background-image:\"><\/div><\/div>\n<\/div><\/div>\n\n\n\n<div class=\"wp-block-uagb-buttons uagb-buttons__outer-wrap uagb-btn__default-btn uagb-btn-tablet__default-btn uagb-btn-mobile__default-btn uagb-block-2d3a7eb5\"><div class=\"uagb-buttons__wrap uagb-buttons-layout-wrap\">\n<div class=\"wp-block-uagb-buttons-child uagb-buttons__outer-wrap uagb-block-2f6a6d3e wp-block-button\"><div class=\"uagb-button__wrapper\"><a class=\"uagb-buttons-repeater wp-block-button__link\" aria-label=\"\" href=\"https:\/\/roce.hr\/en\/zastupnistvo\/dodatna-oprema\/listovi-kruznih-pila\/\" rel=\"follow noopener\" target=\"_self\" role=\"button\"><div class=\"uagb-button__link\">LISTOVI KRU\u017dNIH PILA<\/div><span class=\"uagb-button__icon uagb-button__icon-position-after\"><svg xmlns=\"https:\/\/www.w3.org\/2000\/svg\" viewbox=\"0 0 448 512\" aria-hidden=\"true\" focussable=\"false\"><path d=\"M438.6 278.6l-160 160C272.4 444.9 264.2 448 256 448s-16.38-3.125-22.62-9.375c-12.5-12.5-12.5-32.75 0-45.25L338.8 288H32C14.33 288 .0016 273.7 .0016 256S14.33 224 32 224h306.8l-105.4-105.4c-12.5-12.5-12.5-32.75 0-45.25s32.75-12.5 45.25 0l160 160C451.1 245.9 451.1 266.1 438.6 278.6z\"><\/path><\/svg><\/span><\/a><\/div><\/div>\n<\/div><\/div>\n\n\n\n<div class=\"wp-block-uagb-container uagb-block-716ade2b alignfull uagb-is-root-container\"><div class=\"uagb-container-inner-blocks-wrap\"><\/div><\/div>","protected":false},"excerpt":{"rendered":"<p>Vertikalna kru\u017ena pila za rezanje \u010delika reznom plo\u010dom MACC NTM 350 S<\/p>","protected":false},"author":1,"featured_media":0,"parent":16,"menu_order":0,"comment_status":"closed","ping_status":"closed","template":"roce","meta":{"_uag_custom_page_level_css":"","footnotes":""},"class_list":["post-184","page","type-page","status-publish","hentry"],"yoast_head":"<!-- This site is optimized with the Yoast SEO plugin v27.3 - https:\/\/yoast.com\/product\/yoast-seo-wordpress\/ -->\n<title>Vertikalna kru\u017ena pila - roce<\/title>\n<meta name=\"robots\" content=\"index, follow, max-snippet:-1, max-image-preview:large, max-video-preview:-1\" \/>\n<link rel=\"canonical\" href=\"https:\/\/roce.hr\/en\/zastupnistvo\/vertikalna-kruzna-pila\/\" \/>\n<meta property=\"og:locale\" content=\"en_GB\" \/>\n<meta property=\"og:type\" content=\"article\" \/>\n<meta property=\"og:title\" content=\"Vertikalna kru\u017ena pila - roce\" \/>\n<meta property=\"og:description\" content=\"Vertikalna kru\u017ena pila za rezanje \u010delika reznom plo\u010dom MACC NTM 350 S\" \/>\n<meta property=\"og:url\" content=\"https:\/\/roce.hr\/en\/zastupnistvo\/vertikalna-kruzna-pila\/\" \/>\n<meta property=\"og:site_name\" content=\"roce\" \/>\n<meta property=\"article:publisher\" content=\"https:\/\/www.facebook.com\/rocedoopula\/\" \/>\n<meta property=\"article:modified_time\" content=\"2026-03-14T09:31:32+00:00\" \/>\n<meta property=\"og:image\" content=\"https:\/\/roce.hr\/wp-content\/uploads\/2026\/02\/NTM-350-S-241x300.webp\" \/>\n<meta name=\"twitter:card\" content=\"summary_large_image\" \/>\n<meta name=\"twitter:label1\" content=\"Estimated reading time\" \/>\n\t<meta name=\"twitter:data1\" content=\"1 minute\" \/>\n<script type=\"application\/ld+json\" class=\"yoast-schema-graph\">{\"@context\":\"https:\\\/\\\/schema.org\",\"@graph\":[{\"@type\":\"WebPage\",\"@id\":\"https:\\\/\\\/roce.hr\\\/zastupnistvo\\\/vertikalna-kruzna-pila\\\/\",\"url\":\"https:\\\/\\\/roce.hr\\\/zastupnistvo\\\/vertikalna-kruzna-pila\\\/\",\"name\":\"Vertikalna kru\u017ena pila - roce\",\"isPartOf\":{\"@id\":\"https:\\\/\\\/roce.hr\\\/#website\"},\"primaryImageOfPage\":{\"@id\":\"https:\\\/\\\/roce.hr\\\/zastupnistvo\\\/vertikalna-kruzna-pila\\\/#primaryimage\"},\"image\":{\"@id\":\"https:\\\/\\\/roce.hr\\\/zastupnistvo\\\/vertikalna-kruzna-pila\\\/#primaryimage\"},\"thumbnailUrl\":\"https:\\\/\\\/roce.hr\\\/wp-content\\\/uploads\\\/2026\\\/02\\\/NTM-350-S-241x300.webp\",\"datePublished\":\"2026-01-27T07:01:11+00:00\",\"dateModified\":\"2026-03-14T09:31:32+00:00\",\"breadcrumb\":{\"@id\":\"https:\\\/\\\/roce.hr\\\/zastupnistvo\\\/vertikalna-kruzna-pila\\\/#breadcrumb\"},\"inLanguage\":\"en-GB\",\"potentialAction\":[{\"@type\":\"ReadAction\",\"target\":[\"https:\\\/\\\/roce.hr\\\/zastupnistvo\\\/vertikalna-kruzna-pila\\\/\"]}]},{\"@type\":\"ImageObject\",\"inLanguage\":\"en-GB\",\"@id\":\"https:\\\/\\\/roce.hr\\\/zastupnistvo\\\/vertikalna-kruzna-pila\\\/#primaryimage\",\"url\":\"https:\\\/\\\/roce.hr\\\/wp-content\\\/uploads\\\/2026\\\/02\\\/NTM-350-S-241x300.webp\",\"contentUrl\":\"https:\\\/\\\/roce.hr\\\/wp-content\\\/uploads\\\/2026\\\/02\\\/NTM-350-S-241x300.webp\"},{\"@type\":\"BreadcrumbList\",\"@id\":\"https:\\\/\\\/roce.hr\\\/zastupnistvo\\\/vertikalna-kruzna-pila\\\/#breadcrumb\",\"itemListElement\":[{\"@type\":\"ListItem\",\"position\":1,\"name\":\"Home\",\"item\":\"https:\\\/\\\/roce.hr\\\/\"},{\"@type\":\"ListItem\",\"position\":2,\"name\":\"Zastupni\u0161tvo\",\"item\":\"https:\\\/\\\/roce.hr\\\/zastupnistvo\\\/\"},{\"@type\":\"ListItem\",\"position\":3,\"name\":\"Vertikalna kru\u017ena pila\"}]},{\"@type\":\"WebSite\",\"@id\":\"https:\\\/\\\/roce.hr\\\/#website\",\"url\":\"https:\\\/\\\/roce.hr\\\/\",\"name\":\"roce\",\"description\":\"\",\"publisher\":{\"@id\":\"https:\\\/\\\/roce.hr\\\/#organization\"},\"potentialAction\":[{\"@type\":\"SearchAction\",\"target\":{\"@type\":\"EntryPoint\",\"urlTemplate\":\"https:\\\/\\\/roce.hr\\\/?s={search_term_string}\"},\"query-input\":{\"@type\":\"PropertyValueSpecification\",\"valueRequired\":true,\"valueName\":\"search_term_string\"}}],\"inLanguage\":\"en-GB\"},{\"@type\":\"Organization\",\"@id\":\"https:\\\/\\\/roce.hr\\\/#organization\",\"name\":\"ROCE d.o.o.\",\"url\":\"https:\\\/\\\/roce.hr\\\/\",\"logo\":{\"@type\":\"ImageObject\",\"inLanguage\":\"en-GB\",\"@id\":\"https:\\\/\\\/roce.hr\\\/#\\\/schema\\\/logo\\\/image\\\/\",\"url\":\"https:\\\/\\\/roce.hr\\\/wp-content\\\/uploads\\\/2026\\\/02\\\/7-DRVO.webp\",\"contentUrl\":\"https:\\\/\\\/roce.hr\\\/wp-content\\\/uploads\\\/2026\\\/02\\\/7-DRVO.webp\",\"width\":1000,\"height\":161,\"caption\":\"ROCE d.o.o.\"},\"image\":{\"@id\":\"https:\\\/\\\/roce.hr\\\/#\\\/schema\\\/logo\\\/image\\\/\"},\"sameAs\":[\"https:\\\/\\\/www.facebook.com\\\/rocedoopula\\\/\"]}]}<\/script>\n<!-- \/ Yoast SEO plugin. -->","yoast_head_json":{"title":"Vertikalna kru\u017ena pila - roce","robots":{"index":"index","follow":"follow","max-snippet":"max-snippet:-1","max-image-preview":"max-image-preview:large","max-video-preview":"max-video-preview:-1"},"canonical":"https:\/\/roce.hr\/en\/zastupnistvo\/vertikalna-kruzna-pila\/","og_locale":"en_GB","og_type":"article","og_title":"Vertikalna kru\u017ena pila - roce","og_description":"Vertikalna kru\u017ena pila za rezanje \u010delika reznom plo\u010dom MACC NTM 350 S","og_url":"https:\/\/roce.hr\/en\/zastupnistvo\/vertikalna-kruzna-pila\/","og_site_name":"roce","article_publisher":"https:\/\/www.facebook.com\/rocedoopula\/","article_modified_time":"2026-03-14T09:31:32+00:00","og_image":[{"url":"https:\/\/roce.hr\/wp-content\/uploads\/2026\/02\/NTM-350-S-241x300.webp","type":"","width":"","height":""}],"twitter_card":"summary_large_image","twitter_misc":{"Estimated reading time":"1 minute"},"schema":{"@context":"https:\/\/schema.org","@graph":[{"@type":"WebPage","@id":"https:\/\/roce.hr\/zastupnistvo\/vertikalna-kruzna-pila\/","url":"https:\/\/roce.hr\/zastupnistvo\/vertikalna-kruzna-pila\/","name":"Vertikalna kru\u017ena pila - roce","isPartOf":{"@id":"https:\/\/roce.hr\/#website"},"primaryImageOfPage":{"@id":"https:\/\/roce.hr\/zastupnistvo\/vertikalna-kruzna-pila\/#primaryimage"},"image":{"@id":"https:\/\/roce.hr\/zastupnistvo\/vertikalna-kruzna-pila\/#primaryimage"},"thumbnailUrl":"https:\/\/roce.hr\/wp-content\/uploads\/2026\/02\/NTM-350-S-241x300.webp","datePublished":"2026-01-27T07:01:11+00:00","dateModified":"2026-03-14T09:31:32+00:00","breadcrumb":{"@id":"https:\/\/roce.hr\/zastupnistvo\/vertikalna-kruzna-pila\/#breadcrumb"},"inLanguage":"en-GB","potentialAction":[{"@type":"ReadAction","target":["https:\/\/roce.hr\/zastupnistvo\/vertikalna-kruzna-pila\/"]}]},{"@type":"ImageObject","inLanguage":"en-GB","@id":"https:\/\/roce.hr\/zastupnistvo\/vertikalna-kruzna-pila\/#primaryimage","url":"https:\/\/roce.hr\/wp-content\/uploads\/2026\/02\/NTM-350-S-241x300.webp","contentUrl":"https:\/\/roce.hr\/wp-content\/uploads\/2026\/02\/NTM-350-S-241x300.webp"},{"@type":"BreadcrumbList","@id":"https:\/\/roce.hr\/zastupnistvo\/vertikalna-kruzna-pila\/#breadcrumb","itemListElement":[{"@type":"ListItem","position":1,"name":"Home","item":"https:\/\/roce.hr\/"},{"@type":"ListItem","position":2,"name":"Zastupni\u0161tvo","item":"https:\/\/roce.hr\/zastupnistvo\/"},{"@type":"ListItem","position":3,"name":"Vertikalna kru\u017ena pila"}]},{"@type":"WebSite","@id":"https:\/\/roce.hr\/#website","url":"https:\/\/roce.hr\/","name":"roce","description":"","publisher":{"@id":"https:\/\/roce.hr\/#organization"},"potentialAction":[{"@type":"SearchAction","target":{"@type":"EntryPoint","urlTemplate":"https:\/\/roce.hr\/?s={search_term_string}"},"query-input":{"@type":"PropertyValueSpecification","valueRequired":true,"valueName":"search_term_string"}}],"inLanguage":"en-GB"},{"@type":"Organization","@id":"https:\/\/roce.hr\/#organization","name":"ROCE d.o.o.","url":"https:\/\/roce.hr\/","logo":{"@type":"ImageObject","inLanguage":"en-GB","@id":"https:\/\/roce.hr\/#\/schema\/logo\/image\/","url":"https:\/\/roce.hr\/wp-content\/uploads\/2026\/02\/7-DRVO.webp","contentUrl":"https:\/\/roce.hr\/wp-content\/uploads\/2026\/02\/7-DRVO.webp","width":1000,"height":161,"caption":"ROCE d.o.o."},"image":{"@id":"https:\/\/roce.hr\/#\/schema\/logo\/image\/"},"sameAs":["https:\/\/www.facebook.com\/rocedoopula\/"]}]}},"uagb_featured_image_src":{"full":false,"thumbnail":false,"medium":false,"medium_large":false,"large":false,"1536x1536":false,"2048x2048":false,"trp-custom-language-flag":false},"uagb_author_info":{"display_name":"Straniceroce","author_link":"https:\/\/roce.hr\/en\/author\/straniceroce\/"},"uagb_comment_info":0,"uagb_excerpt":"Vertikalna kru\u017ena pila za rezanje \u010delika reznom plo\u010dom MACC NTM 350 S","_links":{"self":[{"href":"https:\/\/roce.hr\/en\/wp-json\/wp\/v2\/pages\/184","targetHints":{"allow":["GET"]}}],"collection":[{"href":"https:\/\/roce.hr\/en\/wp-json\/wp\/v2\/pages"}],"about":[{"href":"https:\/\/roce.hr\/en\/wp-json\/wp\/v2\/types\/page"}],"author":[{"embeddable":true,"href":"https:\/\/roce.hr\/en\/wp-json\/wp\/v2\/users\/1"}],"replies":[{"embeddable":true,"href":"https:\/\/roce.hr\/en\/wp-json\/wp\/v2\/comments?post=184"}],"version-history":[{"count":0,"href":"https:\/\/roce.hr\/en\/wp-json\/wp\/v2\/pages\/184\/revisions"}],"up":[{"embeddable":true,"href":"https:\/\/roce.hr\/en\/wp-json\/wp\/v2\/pages\/16"}],"wp:attachment":[{"href":"https:\/\/roce.hr\/en\/wp-json\/wp\/v2\/media?parent=184"}],"curies":[{"name":"wp","href":"https:\/\/api.w.org\/{rel}","templated":true}]}}